{"id":17026,"date":"2025-11-07T18:33:44","date_gmt":"2025-11-07T17:33:44","guid":{"rendered":"https:\/\/www.ernstbrunn-apotheke.at\/katalog\/produkt\/coldamaris-nasen-rachenspray-junior\/"},"modified":"2025-12-08T13:58:15","modified_gmt":"2025-12-08T12:58:15","slug":"coldamaris-nasen-rachenspray-junior","status":"publish","type":"product","link":"https:\/\/www.ernstbrunn-apotheke.at\/katalog\/produkt\/coldamaris-nasen-rachenspray-junior\/","title":{"rendered":"COLDAMARIS Nasen &#038; Rachenspray Junior"},"content":{"rendered":"<p>Ein Schnupfen ist besonders f\u00fcr Babys und Kleinkinder sehr unangenehm. Sie k\u00f6nnen kaum durch den Mund atmen. Wenn also die Nasenschleimh\u00e4ute anschwellen, ist nicht nur die Atmung behindert, Ihr Kind hat auch M\u00fche beim Trinken, wird unruhig und schl\u00e4ft schlecht. Dank seines speziellen Zerst\u00e4ubersystems kann COLDAMARIS Junior Nasen- und Rachenspray in kindgerechten, sanften Spr\u00fchst\u00f6\u00dfen appliziert werden. Die isotone Kochsalzl\u00f6sung ist frei von Konservierungsmitteln und enth\u00e4lt zus\u00e4tzlich Dexpanthenol zur Pflege der Nasenschleimhaut.<\/p>\n","protected":false},"excerpt":{"rendered":"<p>Ein Schnupfen ist besonders f\u00fcr Babys und Kleinkinder sehr unangenehm. Sie k\u00f6nnen kaum durch den Mund atmen. Wenn also die Nasenschleimh\u00e4ute anschwellen, ist nicht nur die Atmung behindert, Ihr Kind hat auch M\u00fche beim Trinken, wird unruhig und schl\u00e4ft schlecht. Dank seines speziellen Zerst\u00e4ubersystems kann COLDAMARIS Junior Nasen- und Rachenspray in kindgerechten, sanften Spr\u00fchst\u00f6\u00dfen appliziert [&hellip;]<\/p>\n","protected":false},"featured_media":17028,"template":"","meta":{"_acf_changed":false},"product_brand":[531],"product_cat":[812],"product_tag":[],"class_list":{"0":"post-17026","1":"product","2":"type-product","3":"status-publish","4":"has-post-thumbnail","6":"product_brand-coldamaris","7":"product_cat-c","8":"pa_packungsgroesse-20ml","10":"first","11":"instock","12":"shipping-taxable","13":"purchasable","14":"product-type-simple"},"acf":[],"_links":{"self":[{"href":"https:\/\/www.ernstbrunn-apotheke.at\/katalog\/wp-json\/wp\/v2\/product\/17026","targetHints":{"allow":["GET"]}}],"collection":[{"href":"https:\/\/www.ernstbrunn-apotheke.at\/katalog\/wp-json\/wp\/v2\/product"}],"about":[{"href":"https:\/\/www.ernstbrunn-apotheke.at\/katalog\/wp-json\/wp\/v2\/types\/product"}],"wp:featuredmedia":[{"embeddable":true,"href":"https:\/\/www.ernstbrunn-apotheke.at\/katalog\/wp-json\/wp\/v2\/media\/17028"}],"wp:attachment":[{"href":"https:\/\/www.ernstbrunn-apotheke.at\/katalog\/wp-json\/wp\/v2\/media?parent=17026"}],"wp:term":[{"taxonomy":"product_brand","embeddable":true,"href":"https:\/\/www.ernstbrunn-apotheke.at\/katalog\/wp-json\/wp\/v2\/product_brand?post=17026"},{"taxonomy":"product_cat","embeddable":true,"href":"https:\/\/www.ernstbrunn-apotheke.at\/katalog\/wp-json\/wp\/v2\/product_cat?post=17026"},{"taxonomy":"product_tag","embeddable":true,"href":"https:\/\/www.ernstbrunn-apotheke.at\/katalog\/wp-json\/wp\/v2\/product_tag?post=17026"}],"curies":[{"name":"wp","href":"https:\/\/api.w.org\/{rel}","templated":true}]}}