{"id":17008,"date":"2025-11-07T18:33:23","date_gmt":"2025-11-07T17:33:23","guid":{"rendered":"https:\/\/www.ernstbrunn-apotheke.at\/katalog\/produkt\/emser-inhalation-loesung-sachets-20-stk\/"},"modified":"2025-12-08T13:58:09","modified_gmt":"2025-12-08T12:58:09","slug":"emser-inhalation-loesung-sachets-20-stk","status":"publish","type":"product","link":"https:\/\/www.ernstbrunn-apotheke.at\/katalog\/produkt\/emser-inhalation-loesung-sachets-20-stk\/","title":{"rendered":"Emser Inhalation L\u00f6sung Sachets 20 Stk."},"content":{"rendered":"<p>Emser\u00ae Inhalationsl\u00f6sung ist eine gebrauchsfertige, isotone L\u00f6sung des Nat\u00fcrlichen Emser Salzes. Sie wird zur Befeuchtung und Unterst\u00fctzung der nat\u00fcrlichen Reinigungsmechanismen der oberen und unteren Atemwege eingesetzt.<\/p>\n","protected":false},"excerpt":{"rendered":"<p>Emser\u00ae Inhalationsl\u00f6sung ist eine gebrauchsfertige, isotone L\u00f6sung des Nat\u00fcrlichen Emser Salzes. Sie wird zur Befeuchtung und Unterst\u00fctzung der nat\u00fcrlichen Reinigungsmechanismen der oberen und unteren Atemwege eingesetzt.<\/p>\n","protected":false},"featured_media":17010,"template":"","meta":{"_acf_changed":false},"product_brand":[540],"product_cat":[794],"product_tag":[],"class_list":{"0":"post-17008","1":"product","2":"type-product","3":"status-publish","4":"has-post-thumbnail","6":"product_brand-emser","7":"product_cat-e","8":"pa_packungsgroesse-20-stueck","9":"pa_packungsgroesse-60-stueck","11":"first","12":"instock","13":"shipping-taxable","14":"purchasable","15":"product-type-simple"},"acf":[],"_links":{"self":[{"href":"https:\/\/www.ernstbrunn-apotheke.at\/katalog\/wp-json\/wp\/v2\/product\/17008","targetHints":{"allow":["GET"]}}],"collection":[{"href":"https:\/\/www.ernstbrunn-apotheke.at\/katalog\/wp-json\/wp\/v2\/product"}],"about":[{"href":"https:\/\/www.ernstbrunn-apotheke.at\/katalog\/wp-json\/wp\/v2\/types\/product"}],"wp:featuredmedia":[{"embeddable":true,"href":"https:\/\/www.ernstbrunn-apotheke.at\/katalog\/wp-json\/wp\/v2\/media\/17010"}],"wp:attachment":[{"href":"https:\/\/www.ernstbrunn-apotheke.at\/katalog\/wp-json\/wp\/v2\/media?parent=17008"}],"wp:term":[{"taxonomy":"product_brand","embeddable":true,"href":"https:\/\/www.ernstbrunn-apotheke.at\/katalog\/wp-json\/wp\/v2\/product_brand?post=17008"},{"taxonomy":"product_cat","embeddable":true,"href":"https:\/\/www.ernstbrunn-apotheke.at\/katalog\/wp-json\/wp\/v2\/product_cat?post=17008"},{"taxonomy":"product_tag","embeddable":true,"href":"https:\/\/www.ernstbrunn-apotheke.at\/katalog\/wp-json\/wp\/v2\/product_tag?post=17008"}],"curies":[{"name":"wp","href":"https:\/\/api.w.org\/{rel}","templated":true}]}}