{"id":16991,"date":"2025-11-07T18:32:23","date_gmt":"2025-11-07T17:32:23","guid":{"rendered":"https:\/\/www.ernstbrunn-apotheke.at\/katalog\/produkt\/ems-sinusitis-nasenspray-eukalyptus-15-ml\/"},"modified":"2025-12-08T13:58:06","modified_gmt":"2025-12-08T12:58:06","slug":"ems-sinusitis-nasenspray-eukalyptus-15-ml","status":"publish","type":"product","link":"https:\/\/www.ernstbrunn-apotheke.at\/katalog\/produkt\/ems-sinusitis-nasenspray-eukalyptus-15-ml\/","title":{"rendered":"EMS SINUSITIS Nasenspray + Eukalyptus 15 ML"},"content":{"rendered":"<p>Emser Sinusitis Spray Eukalyptus\u00f6l ist eine osmotisch aktive, hypertone L\u00f6sung f\u00fcr die Anwendung im nasalen Bereich. Angereichert mit tanninhaltigen Extrakten der Gr\u00fcntee-Pflanze sowie weiteren Pflanzenausz\u00fcgen wie Eukalyptus\u00f6l entfaltet es innerhalb weniger Minuten sein umfassendes Wirkungsspektrum. Es bildet einen langanhaltenden Schutzfilm auf der Nasenschleimhaut, sorgt so f\u00fcr eine nachhaltige Befeuchtung und unterst\u00fctzt die Schleimh\u00e4ute als physikalische Barriere bei der Abwehr von Viren und Bakterien..<\/p>\n","protected":false},"excerpt":{"rendered":"<p>Emser Sinusitis Spray Eukalyptus\u00f6l ist eine osmotisch aktive, hypertone L\u00f6sung f\u00fcr die Anwendung im nasalen Bereich. Angereichert mit tanninhaltigen Extrakten der Gr\u00fcntee-Pflanze sowie weiteren Pflanzenausz\u00fcgen wie Eukalyptus\u00f6l entfaltet es innerhalb weniger Minuten sein umfassendes Wirkungsspektrum. Es bildet einen langanhaltenden Schutzfilm auf der Nasenschleimhaut, sorgt so f\u00fcr eine nachhaltige Befeuchtung und unterst\u00fctzt die Schleimh\u00e4ute als physikalische [&hellip;]<\/p>\n","protected":false},"featured_media":16993,"template":"","meta":{"_acf_changed":false},"product_brand":[540],"product_cat":[794],"product_tag":[],"class_list":{"0":"post-16991","1":"product","2":"type-product","3":"status-publish","4":"has-post-thumbnail","6":"product_brand-emser","7":"product_cat-e","8":"pa_packungsgroesse-15ml","10":"first","11":"instock","12":"shipping-taxable","13":"purchasable","14":"product-type-simple"},"acf":[],"_links":{"self":[{"href":"https:\/\/www.ernstbrunn-apotheke.at\/katalog\/wp-json\/wp\/v2\/product\/16991","targetHints":{"allow":["GET"]}}],"collection":[{"href":"https:\/\/www.ernstbrunn-apotheke.at\/katalog\/wp-json\/wp\/v2\/product"}],"about":[{"href":"https:\/\/www.ernstbrunn-apotheke.at\/katalog\/wp-json\/wp\/v2\/types\/product"}],"wp:featuredmedia":[{"embeddable":true,"href":"https:\/\/www.ernstbrunn-apotheke.at\/katalog\/wp-json\/wp\/v2\/media\/16993"}],"wp:attachment":[{"href":"https:\/\/www.ernstbrunn-apotheke.at\/katalog\/wp-json\/wp\/v2\/media?parent=16991"}],"wp:term":[{"taxonomy":"product_brand","embeddable":true,"href":"https:\/\/www.ernstbrunn-apotheke.at\/katalog\/wp-json\/wp\/v2\/product_brand?post=16991"},{"taxonomy":"product_cat","embeddable":true,"href":"https:\/\/www.ernstbrunn-apotheke.at\/katalog\/wp-json\/wp\/v2\/product_cat?post=16991"},{"taxonomy":"product_tag","embeddable":true,"href":"https:\/\/www.ernstbrunn-apotheke.at\/katalog\/wp-json\/wp\/v2\/product_tag?post=16991"}],"curies":[{"name":"wp","href":"https:\/\/api.w.org\/{rel}","templated":true}]}}