{"id":16986,"date":"2025-11-07T18:32:23","date_gmt":"2025-11-07T17:32:23","guid":{"rendered":"https:\/\/www.ernstbrunn-apotheke.at\/katalog\/produkt\/snup-akut-nasenspray-0\/"},"modified":"2025-12-08T13:58:05","modified_gmt":"2025-12-08T12:58:05","slug":"snup-akut-nasenspray-0","status":"publish","type":"product","link":"https:\/\/www.ernstbrunn-apotheke.at\/katalog\/produkt\/snup-akut-nasenspray-0\/","title":{"rendered":"Snup Akut Nasenspray 0"},"content":{"rendered":"<p>Snup Akut Nasenspray 0,1% dient der Abschwellung der Nasenschleimhaut bei Schnupfen, bei anfallsweise auftretendem Flie\u00dfschnupfen sowie bei allergischem Schnupfen. Au\u00dferdem ist der Spray auch bei allergischem Schnupfen bestens geeignet und befeuchtet zus\u00e4tzlich die Nase mit Meerwasser.<\/p>\n","protected":false},"excerpt":{"rendered":"<p>Snup Akut Nasenspray 0,1% dient der Abschwellung der Nasenschleimhaut bei Schnupfen, bei anfallsweise auftretendem Flie\u00dfschnupfen sowie bei allergischem Schnupfen. Au\u00dferdem ist der Spray auch bei allergischem Schnupfen bestens geeignet und befeuchtet zus\u00e4tzlich die Nase mit Meerwasser.<\/p>\n","protected":false},"featured_media":16988,"template":"","meta":{"_acf_changed":false},"product_brand":[],"product_cat":[791],"product_tag":[],"class_list":{"0":"post-16986","1":"product","2":"type-product","3":"status-publish","4":"has-post-thumbnail","6":"product_cat-s","7":"pa_packungsgroesse-15ml","9":"first","10":"instock","11":"shipping-taxable","12":"purchasable","13":"product-type-simple"},"acf":[],"_links":{"self":[{"href":"https:\/\/www.ernstbrunn-apotheke.at\/katalog\/wp-json\/wp\/v2\/product\/16986","targetHints":{"allow":["GET"]}}],"collection":[{"href":"https:\/\/www.ernstbrunn-apotheke.at\/katalog\/wp-json\/wp\/v2\/product"}],"about":[{"href":"https:\/\/www.ernstbrunn-apotheke.at\/katalog\/wp-json\/wp\/v2\/types\/product"}],"wp:featuredmedia":[{"embeddable":true,"href":"https:\/\/www.ernstbrunn-apotheke.at\/katalog\/wp-json\/wp\/v2\/media\/16988"}],"wp:attachment":[{"href":"https:\/\/www.ernstbrunn-apotheke.at\/katalog\/wp-json\/wp\/v2\/media?parent=16986"}],"wp:term":[{"taxonomy":"product_brand","embeddable":true,"href":"https:\/\/www.ernstbrunn-apotheke.at\/katalog\/wp-json\/wp\/v2\/product_brand?post=16986"},{"taxonomy":"product_cat","embeddable":true,"href":"https:\/\/www.ernstbrunn-apotheke.at\/katalog\/wp-json\/wp\/v2\/product_cat?post=16986"},{"taxonomy":"product_tag","embeddable":true,"href":"https:\/\/www.ernstbrunn-apotheke.at\/katalog\/wp-json\/wp\/v2\/product_tag?post=16986"}],"curies":[{"name":"wp","href":"https:\/\/api.w.org\/{rel}","templated":true}]}}