{"id":16976,"date":"2025-11-07T18:32:23","date_gmt":"2025-11-07T17:32:23","guid":{"rendered":"https:\/\/www.ernstbrunn-apotheke.at\/katalog\/produkt\/sterimar-meerwasser-nasenspray-100-ml\/"},"modified":"2025-12-08T13:58:04","modified_gmt":"2025-12-08T12:58:04","slug":"sterimar-meerwasser-nasenspray-100-ml","status":"publish","type":"product","link":"https:\/\/www.ernstbrunn-apotheke.at\/katalog\/produkt\/sterimar-meerwasser-nasenspray-100-ml\/","title":{"rendered":"Sterimar Meerwasser Nasenspray 100 ml"},"content":{"rendered":"<p>Sterimar Meerwasser Nasenspray ist ein Medizinprodukt f\u00fcr die t\u00e4gliche Nasenhygiene und eignet sich sowohl f\u00fcr Erwachsene, als auch f\u00fcr Kinder. Die Nasenschleimhaut wird befeuchtet und gereinigt und der  Selbstreinigungsprozesses wird angeregt.<\/p>\n","protected":false},"excerpt":{"rendered":"<p>Sterimar Meerwasser Nasenspray ist ein Medizinprodukt f\u00fcr die t\u00e4gliche Nasenhygiene und eignet sich sowohl f\u00fcr Erwachsene, als auch f\u00fcr Kinder. Die Nasenschleimhaut wird befeuchtet und gereinigt und der Selbstreinigungsprozesses wird angeregt.<\/p>\n","protected":false},"featured_media":16978,"template":"","meta":{"_acf_changed":false},"product_brand":[],"product_cat":[791],"product_tag":[],"class_list":{"0":"post-16976","1":"product","2":"type-product","3":"status-publish","4":"has-post-thumbnail","6":"product_cat-s","7":"pa_packungsgroesse-100ml","8":"pa_packungsgroesse-50ml","10":"first","11":"instock","12":"shipping-taxable","13":"purchasable","14":"product-type-simple"},"acf":[],"_links":{"self":[{"href":"https:\/\/www.ernstbrunn-apotheke.at\/katalog\/wp-json\/wp\/v2\/product\/16976","targetHints":{"allow":["GET"]}}],"collection":[{"href":"https:\/\/www.ernstbrunn-apotheke.at\/katalog\/wp-json\/wp\/v2\/product"}],"about":[{"href":"https:\/\/www.ernstbrunn-apotheke.at\/katalog\/wp-json\/wp\/v2\/types\/product"}],"wp:featuredmedia":[{"embeddable":true,"href":"https:\/\/www.ernstbrunn-apotheke.at\/katalog\/wp-json\/wp\/v2\/media\/16978"}],"wp:attachment":[{"href":"https:\/\/www.ernstbrunn-apotheke.at\/katalog\/wp-json\/wp\/v2\/media?parent=16976"}],"wp:term":[{"taxonomy":"product_brand","embeddable":true,"href":"https:\/\/www.ernstbrunn-apotheke.at\/katalog\/wp-json\/wp\/v2\/product_brand?post=16976"},{"taxonomy":"product_cat","embeddable":true,"href":"https:\/\/www.ernstbrunn-apotheke.at\/katalog\/wp-json\/wp\/v2\/product_cat?post=16976"},{"taxonomy":"product_tag","embeddable":true,"href":"https:\/\/www.ernstbrunn-apotheke.at\/katalog\/wp-json\/wp\/v2\/product_tag?post=16976"}],"curies":[{"name":"wp","href":"https:\/\/api.w.org\/{rel}","templated":true}]}}