{"id":16953,"date":"2025-11-07T18:32:23","date_gmt":"2025-11-07T17:32:23","guid":{"rendered":"https:\/\/www.ernstbrunn-apotheke.at\/katalog\/produkt\/ratiosoft-005-nasenspray-10-ml\/"},"modified":"2025-12-08T13:57:58","modified_gmt":"2025-12-08T12:57:58","slug":"ratiosoft-005-nasenspray-10-ml","status":"publish","type":"product","link":"https:\/\/www.ernstbrunn-apotheke.at\/katalog\/produkt\/ratiosoft-005-nasenspray-10-ml\/","title":{"rendered":"RatioSoft 0,05 % Nasenspray 10 ml"},"content":{"rendered":"<p>RatioSoft 0,05 % Nasenspray enth\u00e4lt besonders zusammengestellte Inhaltsstoffe, die daf\u00fcr sorgen, dass betroffene Schleimh\u00e4ute in Nase und Rachen abschwellen. Durch das Zusammenziehen der Blutgef\u00e4\u00dfe wird die Nasenatmung erleichtert und jede Erk\u00e4ltung ertr\u00e4glicher. Dieses Produkt erhalten Sie in den Varianten 0,1 % und 0,05 %.<\/p>\n","protected":false},"excerpt":{"rendered":"<p>RatioSoft 0,05 % Nasenspray enth\u00e4lt besonders zusammengestellte Inhaltsstoffe, die daf\u00fcr sorgen, dass betroffene Schleimh\u00e4ute in Nase und Rachen abschwellen. Durch das Zusammenziehen der Blutgef\u00e4\u00dfe wird die Nasenatmung erleichtert und jede Erk\u00e4ltung ertr\u00e4glicher. Dieses Produkt erhalten Sie in den Varianten 0,1 % und 0,05 %.<\/p>\n","protected":false},"featured_media":16955,"template":"","meta":{"_acf_changed":false},"product_brand":[381],"product_cat":[808],"product_tag":[],"class_list":{"0":"post-16953","1":"product","2":"type-product","3":"status-publish","4":"has-post-thumbnail","6":"product_brand-ratiopharm","7":"product_cat-r","8":"pa_packungsgroesse-10ml","10":"first","11":"instock","12":"shipping-taxable","13":"purchasable","14":"product-type-simple"},"acf":[],"_links":{"self":[{"href":"https:\/\/www.ernstbrunn-apotheke.at\/katalog\/wp-json\/wp\/v2\/product\/16953","targetHints":{"allow":["GET"]}}],"collection":[{"href":"https:\/\/www.ernstbrunn-apotheke.at\/katalog\/wp-json\/wp\/v2\/product"}],"about":[{"href":"https:\/\/www.ernstbrunn-apotheke.at\/katalog\/wp-json\/wp\/v2\/types\/product"}],"wp:featuredmedia":[{"embeddable":true,"href":"https:\/\/www.ernstbrunn-apotheke.at\/katalog\/wp-json\/wp\/v2\/media\/16955"}],"wp:attachment":[{"href":"https:\/\/www.ernstbrunn-apotheke.at\/katalog\/wp-json\/wp\/v2\/media?parent=16953"}],"wp:term":[{"taxonomy":"product_brand","embeddable":true,"href":"https:\/\/www.ernstbrunn-apotheke.at\/katalog\/wp-json\/wp\/v2\/product_brand?post=16953"},{"taxonomy":"product_cat","embeddable":true,"href":"https:\/\/www.ernstbrunn-apotheke.at\/katalog\/wp-json\/wp\/v2\/product_cat?post=16953"},{"taxonomy":"product_tag","embeddable":true,"href":"https:\/\/www.ernstbrunn-apotheke.at\/katalog\/wp-json\/wp\/v2\/product_tag?post=16953"}],"curies":[{"name":"wp","href":"https:\/\/api.w.org\/{rel}","templated":true}]}}