{"id":16941,"date":"2025-11-07T18:31:36","date_gmt":"2025-11-07T17:31:36","guid":{"rendered":"https:\/\/www.ernstbrunn-apotheke.at\/katalog\/produkt\/luuf-mare-nasenspray\/"},"modified":"2025-12-08T13:57:53","modified_gmt":"2025-12-08T12:57:53","slug":"luuf-mare-nasenspray","status":"publish","type":"product","link":"https:\/\/www.ernstbrunn-apotheke.at\/katalog\/produkt\/luuf-mare-nasenspray\/","title":{"rendered":"Luuf Mare Nasenspray"},"content":{"rendered":"<p>LUUF\u00ae Mare Nasenspray ist eine isotone L\u00f6sung mit hochwertigem Meervollsalz aus dem Atlantik in reinem destillierten Wasser. Er wird zur Befeuchtung und Reinigung der Nasenschleimh\u00e4ute eingesetzt und beugt so dem Austrocknen der Nase vor. Besonders zur Unterst\u00fctzung bei Erk\u00e4ltungssymptomen, wie Schnupfen und verstopfter Nase und bei erh\u00f6hter Belastung durch Staub, Pollen oder Rauch.Erwachsene und Kinder ab 6 Jahren: Mehrmals t\u00e4glich 1 \u2013 2 Spr\u00fchst\u00f6\u00dfe in jedes Nasenloch einspr\u00fchen.Das Spray kann nach der ersten Anwendung f\u00fcr 12 Monate verwendet werden.F\u00fcr S\u00e4uglinge und Kleinkinder bis zum 6. Lebensjahr steht Baby LUUF\u00ae Mare Nasenspray mit einem entsprechend reduzierten Spr\u00fchvolumen zur Verf\u00fcgung..<\/p>\n","protected":false},"excerpt":{"rendered":"<p>LUUF\u00ae Mare Nasenspray ist eine isotone L\u00f6sung mit hochwertigem Meervollsalz aus dem Atlantik in reinem destillierten Wasser. Er wird zur Befeuchtung und Reinigung der Nasenschleimh\u00e4ute eingesetzt und beugt so dem Austrocknen der Nase vor. Besonders zur Unterst\u00fctzung bei Erk\u00e4ltungssymptomen, wie Schnupfen und verstopfter Nase und bei erh\u00f6hter Belastung durch Staub, Pollen oder Rauch.Erwachsene und Kinder [&hellip;]<\/p>\n","protected":false},"featured_media":16943,"template":"","meta":{"_acf_changed":false},"product_brand":[566],"product_cat":[795],"product_tag":[],"class_list":{"0":"post-16941","1":"product","2":"type-product","3":"status-publish","4":"has-post-thumbnail","6":"product_brand-luuf","7":"product_cat-l","8":"pa_packungsgroesse-20ml","10":"first","11":"instock","12":"shipping-taxable","13":"purchasable","14":"product-type-simple"},"acf":[],"_links":{"self":[{"href":"https:\/\/www.ernstbrunn-apotheke.at\/katalog\/wp-json\/wp\/v2\/product\/16941","targetHints":{"allow":["GET"]}}],"collection":[{"href":"https:\/\/www.ernstbrunn-apotheke.at\/katalog\/wp-json\/wp\/v2\/product"}],"about":[{"href":"https:\/\/www.ernstbrunn-apotheke.at\/katalog\/wp-json\/wp\/v2\/types\/product"}],"wp:featuredmedia":[{"embeddable":true,"href":"https:\/\/www.ernstbrunn-apotheke.at\/katalog\/wp-json\/wp\/v2\/media\/16943"}],"wp:attachment":[{"href":"https:\/\/www.ernstbrunn-apotheke.at\/katalog\/wp-json\/wp\/v2\/media?parent=16941"}],"wp:term":[{"taxonomy":"product_brand","embeddable":true,"href":"https:\/\/www.ernstbrunn-apotheke.at\/katalog\/wp-json\/wp\/v2\/product_brand?post=16941"},{"taxonomy":"product_cat","embeddable":true,"href":"https:\/\/www.ernstbrunn-apotheke.at\/katalog\/wp-json\/wp\/v2\/product_cat?post=16941"},{"taxonomy":"product_tag","embeddable":true,"href":"https:\/\/www.ernstbrunn-apotheke.at\/katalog\/wp-json\/wp\/v2\/product_tag?post=16941"}],"curies":[{"name":"wp","href":"https:\/\/api.w.org\/{rel}","templated":true}]}}