{"id":16898,"date":"2025-11-07T18:31:36","date_gmt":"2025-11-07T17:31:36","guid":{"rendered":"https:\/\/www.ernstbrunn-apotheke.at\/katalog\/produkt\/luuf-mare-nasenspray-baby\/"},"modified":"2025-12-08T13:57:42","modified_gmt":"2025-12-08T12:57:42","slug":"luuf-mare-nasenspray-baby","status":"publish","type":"product","link":"https:\/\/www.ernstbrunn-apotheke.at\/katalog\/produkt\/luuf-mare-nasenspray-baby\/","title":{"rendered":"Luuf Mare Nasenspray Baby"},"content":{"rendered":"<p>&#8222;F\u00fcr S\u00e4uglinge und Kleinkinder bis zum 6. Lebensjahr Gerade bei Babys ist es wichtig, die eingeschr\u00e4nkte Atmung bei einer verstopften Nase schnell zu erleichtern. Baby LUUF\u00ae Mare Nasenspray ist eine nat\u00fcrliche Hilfe aus dem Meer und wurde speziell f\u00fcr S\u00e4uglinge und Kleinkinder bis zum 6. Lebensjahr entwickelt. Um die zarte Babynase zu schonen, ist das Spr\u00fchvolumen entsprechend sanfter als bei LUUF\u00ae Mare Nasenspray. &#8222;<\/p>\n<h3>Inhaltsstoffe<\/h3>\n<p>Isotone L\u00f6sung mit hochwertigem, besonders mineralreichem Meersalz aus dem Atlantik in reinem destillierten Wasser.<\/p>\n<h3>Anwendung<\/h3>\n<p>Zur Befeuchtung und Reinigung der Nasenschleimh\u00e4ute sowie zur L\u00f6sung von Verkrustungen. <br \/>Zur unterst\u00fctzenden Behandlung von Schnupfen und verstopfter Nase.<\/p>\n<h3>Wirkung<\/h3>\n<p>Baby LUUF\u00ae Mare Nasenspray mit Meervollsalz wird zur Befeuchtung und Reinigung der Nasenschleimh\u00e4ute eingesetzt und wirkt so einem Austrocknen der Nase entgegen. Dar\u00fcber hinaus wird durch das Aufweichen eingetrockneten Nasensekrets die Selbstreinigungskraft der betroffenen Schleimh\u00e4ute wirkungsvoll unterst\u00fctzt. Baby LUUF\u00ae Mare Nasenspray kann auch zur Unterst\u00fctzung der Behandlung von Schnupfen und verstopfter Nase eingesetzt werden.<\/p>\n","protected":false},"excerpt":{"rendered":"<p>&#8222;F\u00fcr S\u00e4uglinge und Kleinkinder bis zum 6. Lebensjahr Gerade bei Babys ist es wichtig, die eingeschr\u00e4nkte Atmung bei einer verstopften Nase schnell zu erleichtern. Baby LUUF\u00ae Mare Nasenspray ist eine nat\u00fcrliche Hilfe aus dem Meer und wurde speziell f\u00fcr S\u00e4uglinge und Kleinkinder bis zum 6. Lebensjahr entwickelt. Um die zarte Babynase zu schonen, ist das [&hellip;]<\/p>\n","protected":false},"featured_media":16900,"template":"","meta":{"_acf_changed":false},"product_brand":[566],"product_cat":[795],"product_tag":[],"class_list":{"0":"post-16898","1":"product","2":"type-product","3":"status-publish","4":"has-post-thumbnail","6":"product_brand-luuf","7":"product_cat-l","8":"pa_packungsgroesse-20ml","10":"first","11":"instock","12":"shipping-taxable","13":"purchasable","14":"product-type-simple"},"acf":[],"_links":{"self":[{"href":"https:\/\/www.ernstbrunn-apotheke.at\/katalog\/wp-json\/wp\/v2\/product\/16898","targetHints":{"allow":["GET"]}}],"collection":[{"href":"https:\/\/www.ernstbrunn-apotheke.at\/katalog\/wp-json\/wp\/v2\/product"}],"about":[{"href":"https:\/\/www.ernstbrunn-apotheke.at\/katalog\/wp-json\/wp\/v2\/types\/product"}],"wp:featuredmedia":[{"embeddable":true,"href":"https:\/\/www.ernstbrunn-apotheke.at\/katalog\/wp-json\/wp\/v2\/media\/16900"}],"wp:attachment":[{"href":"https:\/\/www.ernstbrunn-apotheke.at\/katalog\/wp-json\/wp\/v2\/media?parent=16898"}],"wp:term":[{"taxonomy":"product_brand","embeddable":true,"href":"https:\/\/www.ernstbrunn-apotheke.at\/katalog\/wp-json\/wp\/v2\/product_brand?post=16898"},{"taxonomy":"product_cat","embeddable":true,"href":"https:\/\/www.ernstbrunn-apotheke.at\/katalog\/wp-json\/wp\/v2\/product_cat?post=16898"},{"taxonomy":"product_tag","embeddable":true,"href":"https:\/\/www.ernstbrunn-apotheke.at\/katalog\/wp-json\/wp\/v2\/product_tag?post=16898"}],"curies":[{"name":"wp","href":"https:\/\/api.w.org\/{rel}","templated":true}]}}