{"id":16878,"date":"2025-11-07T18:30:43","date_gmt":"2025-11-07T17:30:43","guid":{"rendered":"https:\/\/www.ernstbrunn-apotheke.at\/katalog\/produkt\/rhinomer-medium-spuelloesung-135-ml\/"},"modified":"2025-12-08T13:57:38","modified_gmt":"2025-12-08T12:57:38","slug":"rhinomer-medium-spuelloesung-135-ml","status":"publish","type":"product","link":"https:\/\/www.ernstbrunn-apotheke.at\/katalog\/produkt\/rhinomer-medium-spuelloesung-135-ml\/","title":{"rendered":"Rhinomer Medium Sp\u00fcll\u00f6sung 135 ml"},"content":{"rendered":"<p>Rhinomer Medium Sp\u00fcll\u00f6sung eignet sich zur Reinigung der Nasenh\u00f6hle, z.B. zum L\u00f6sen von Krusten, zur Anwendung vor und nach Nasenoperationen, bei vermehrter Luftbelastung (z.B. Staub etc.), sowie als begleitende Ma\u00dfnahme bei Schnupfen. Rhinomer Medium ist geeignet f\u00fcr Kinder ab 2 Jahren und Erwachsene. Erzeugt einen mittelstarken Spr\u00fchstrahl.<\/p>\n","protected":false},"excerpt":{"rendered":"<p>Rhinomer Medium Sp\u00fcll\u00f6sung eignet sich zur Reinigung der Nasenh\u00f6hle, z.B. zum L\u00f6sen von Krusten, zur Anwendung vor und nach Nasenoperationen, bei vermehrter Luftbelastung (z.B. Staub etc.), sowie als begleitende Ma\u00dfnahme bei Schnupfen. Rhinomer Medium ist geeignet f\u00fcr Kinder ab 2 Jahren und Erwachsene. Erzeugt einen mittelstarken Spr\u00fchstrahl.<\/p>\n","protected":false},"featured_media":16880,"template":"","meta":{"_acf_changed":false},"product_brand":[],"product_cat":[808],"product_tag":[],"class_list":{"0":"post-16878","1":"product","2":"type-product","3":"status-publish","4":"has-post-thumbnail","6":"product_cat-r","7":"pa_packungsgroesse-135ml","9":"first","10":"instock","11":"shipping-taxable","12":"purchasable","13":"product-type-simple"},"acf":[],"_links":{"self":[{"href":"https:\/\/www.ernstbrunn-apotheke.at\/katalog\/wp-json\/wp\/v2\/product\/16878","targetHints":{"allow":["GET"]}}],"collection":[{"href":"https:\/\/www.ernstbrunn-apotheke.at\/katalog\/wp-json\/wp\/v2\/product"}],"about":[{"href":"https:\/\/www.ernstbrunn-apotheke.at\/katalog\/wp-json\/wp\/v2\/types\/product"}],"wp:featuredmedia":[{"embeddable":true,"href":"https:\/\/www.ernstbrunn-apotheke.at\/katalog\/wp-json\/wp\/v2\/media\/16880"}],"wp:attachment":[{"href":"https:\/\/www.ernstbrunn-apotheke.at\/katalog\/wp-json\/wp\/v2\/media?parent=16878"}],"wp:term":[{"taxonomy":"product_brand","embeddable":true,"href":"https:\/\/www.ernstbrunn-apotheke.at\/katalog\/wp-json\/wp\/v2\/product_brand?post=16878"},{"taxonomy":"product_cat","embeddable":true,"href":"https:\/\/www.ernstbrunn-apotheke.at\/katalog\/wp-json\/wp\/v2\/product_cat?post=16878"},{"taxonomy":"product_tag","embeddable":true,"href":"https:\/\/www.ernstbrunn-apotheke.at\/katalog\/wp-json\/wp\/v2\/product_tag?post=16878"}],"curies":[{"name":"wp","href":"https:\/\/api.w.org\/{rel}","templated":true}]}}