{"id":16875,"date":"2025-11-07T18:30:43","date_gmt":"2025-11-07T17:30:43","guid":{"rendered":"https:\/\/www.ernstbrunn-apotheke.at\/katalog\/produkt\/nasivin-kinder-0025-nasentropfen-10-ml\/"},"modified":"2025-12-08T13:57:37","modified_gmt":"2025-12-08T12:57:37","slug":"nasivin-kinder-0025-nasentropfen-10-ml","status":"publish","type":"product","link":"https:\/\/www.ernstbrunn-apotheke.at\/katalog\/produkt\/nasivin-kinder-0025-nasentropfen-10-ml\/","title":{"rendered":"Nasivin Kinder 0,025% Nasentropfen 10 ml"},"content":{"rendered":"<p>Nasivin Kinder 0,025% Nasentropfen dienen zur \u00f6rtlichen Behandlung von Schnupfen. Die entz\u00fcndete Nasenschleimhaut schwillt ab und \u00fcberm\u00e4\u00dfige Sekretabsonderung wird vermindert. Eine freie Atmung durch die Nase wird erm\u00f6glicht. Gleichzeitig wird eine Freihaltung der Ohrtrompeten und eine Abschwellung der Rachenschleimhaut bewirkt.<\/p>\n","protected":false},"excerpt":{"rendered":"<p>Nasivin Kinder 0,025% Nasentropfen dienen zur \u00f6rtlichen Behandlung von Schnupfen. Die entz\u00fcndete Nasenschleimhaut schwillt ab und \u00fcberm\u00e4\u00dfige Sekretabsonderung wird vermindert. Eine freie Atmung durch die Nase wird erm\u00f6glicht. Gleichzeitig wird eine Freihaltung der Ohrtrompeten und eine Abschwellung der Rachenschleimhaut bewirkt.<\/p>\n","protected":false},"featured_media":16877,"template":"","meta":{"_acf_changed":false},"product_brand":[608],"product_cat":[797],"product_tag":[],"class_list":{"0":"post-16875","1":"product","2":"type-product","3":"status-publish","4":"has-post-thumbnail","6":"product_brand-nasivin","7":"product_cat-n","8":"pa_packungsgroesse-10ml","10":"first","11":"instock","12":"shipping-taxable","13":"purchasable","14":"product-type-simple"},"acf":[],"_links":{"self":[{"href":"https:\/\/www.ernstbrunn-apotheke.at\/katalog\/wp-json\/wp\/v2\/product\/16875","targetHints":{"allow":["GET"]}}],"collection":[{"href":"https:\/\/www.ernstbrunn-apotheke.at\/katalog\/wp-json\/wp\/v2\/product"}],"about":[{"href":"https:\/\/www.ernstbrunn-apotheke.at\/katalog\/wp-json\/wp\/v2\/types\/product"}],"wp:featuredmedia":[{"embeddable":true,"href":"https:\/\/www.ernstbrunn-apotheke.at\/katalog\/wp-json\/wp\/v2\/media\/16877"}],"wp:attachment":[{"href":"https:\/\/www.ernstbrunn-apotheke.at\/katalog\/wp-json\/wp\/v2\/media?parent=16875"}],"wp:term":[{"taxonomy":"product_brand","embeddable":true,"href":"https:\/\/www.ernstbrunn-apotheke.at\/katalog\/wp-json\/wp\/v2\/product_brand?post=16875"},{"taxonomy":"product_cat","embeddable":true,"href":"https:\/\/www.ernstbrunn-apotheke.at\/katalog\/wp-json\/wp\/v2\/product_cat?post=16875"},{"taxonomy":"product_tag","embeddable":true,"href":"https:\/\/www.ernstbrunn-apotheke.at\/katalog\/wp-json\/wp\/v2\/product_tag?post=16875"}],"curies":[{"name":"wp","href":"https:\/\/api.w.org\/{rel}","templated":true}]}}