{"id":16852,"date":"2025-11-07T18:30:43","date_gmt":"2025-11-07T17:30:43","guid":{"rendered":"https:\/\/www.ernstbrunn-apotheke.at\/katalog\/produkt\/emser-nasenspuelsalz-25-g-20-stk\/"},"modified":"2025-12-08T13:57:33","modified_gmt":"2025-12-08T12:57:33","slug":"emser-nasenspuelsalz-25-g-20-stk","status":"publish","type":"product","link":"https:\/\/www.ernstbrunn-apotheke.at\/katalog\/produkt\/emser-nasenspuelsalz-25-g-20-stk\/","title":{"rendered":"EMSER Nasensp\u00fclsalz 2,5 g 20 Stk."},"content":{"rendered":"<p>EMSER Nasensp\u00fclsalz ist eine Salzmischung, die nat\u00fcrliches Emser Salz und verschiedene andere Mineralsalze enth\u00e4lt. Es eignet sich gut f\u00fcr die Befeuchtung der Nase bei Schleimhauttrockenheit und f\u00fcr regelm\u00e4\u00dfige Sp\u00fclbehandlungen, bei denen die mechanische Reinigung der Nase im Vordergrund steht..<\/p>\n","protected":false},"excerpt":{"rendered":"<p>EMSER Nasensp\u00fclsalz ist eine Salzmischung, die nat\u00fcrliches Emser Salz und verschiedene andere Mineralsalze enth\u00e4lt. Es eignet sich gut f\u00fcr die Befeuchtung der Nase bei Schleimhauttrockenheit und f\u00fcr regelm\u00e4\u00dfige Sp\u00fclbehandlungen, bei denen die mechanische Reinigung der Nase im Vordergrund steht..<\/p>\n","protected":false},"featured_media":16854,"template":"","meta":{"_acf_changed":false},"product_brand":[540],"product_cat":[794],"product_tag":[],"class_list":{"0":"post-16852","1":"product","2":"type-product","3":"status-publish","4":"has-post-thumbnail","6":"product_brand-emser","7":"product_cat-e","8":"pa_packungsgroesse-100-beutel","9":"pa_packungsgroesse-20-beutel","10":"pa_packungsgroesse-50-beutel","12":"first","13":"instock","14":"shipping-taxable","15":"purchasable","16":"product-type-simple"},"acf":[],"_links":{"self":[{"href":"https:\/\/www.ernstbrunn-apotheke.at\/katalog\/wp-json\/wp\/v2\/product\/16852","targetHints":{"allow":["GET"]}}],"collection":[{"href":"https:\/\/www.ernstbrunn-apotheke.at\/katalog\/wp-json\/wp\/v2\/product"}],"about":[{"href":"https:\/\/www.ernstbrunn-apotheke.at\/katalog\/wp-json\/wp\/v2\/types\/product"}],"wp:featuredmedia":[{"embeddable":true,"href":"https:\/\/www.ernstbrunn-apotheke.at\/katalog\/wp-json\/wp\/v2\/media\/16854"}],"wp:attachment":[{"href":"https:\/\/www.ernstbrunn-apotheke.at\/katalog\/wp-json\/wp\/v2\/media?parent=16852"}],"wp:term":[{"taxonomy":"product_brand","embeddable":true,"href":"https:\/\/www.ernstbrunn-apotheke.at\/katalog\/wp-json\/wp\/v2\/product_brand?post=16852"},{"taxonomy":"product_cat","embeddable":true,"href":"https:\/\/www.ernstbrunn-apotheke.at\/katalog\/wp-json\/wp\/v2\/product_cat?post=16852"},{"taxonomy":"product_tag","embeddable":true,"href":"https:\/\/www.ernstbrunn-apotheke.at\/katalog\/wp-json\/wp\/v2\/product_tag?post=16852"}],"curies":[{"name":"wp","href":"https:\/\/api.w.org\/{rel}","templated":true}]}}