{"id":16846,"date":"2025-11-07T18:30:43","date_gmt":"2025-11-07T17:30:43","guid":{"rendered":"https:\/\/www.ernstbrunn-apotheke.at\/katalog\/produkt\/coldamaris-nasen-und-rachenspray-20-ml\/"},"modified":"2025-12-08T13:57:32","modified_gmt":"2025-12-08T12:57:32","slug":"coldamaris-nasen-und-rachenspray-20-ml","status":"publish","type":"product","link":"https:\/\/www.ernstbrunn-apotheke.at\/katalog\/produkt\/coldamaris-nasen-und-rachenspray-20-ml\/","title":{"rendered":"Coldamaris Nasen- und Rachenspray 20 ml"},"content":{"rendered":"<p>COLDAMARIS Nasen- und Rachenspray wird verwendet zur Befeuchtung bei trockener Nasen- und\/oder Rachenschleimhaut, zur Erleichterung der Nasenreinigung bei erh\u00f6hter Belastung durch Staub, Rauch, Pollen oder Schnupfen, und bei Erk\u00e4ltungen und Heuschnupfen: COLDAMARIS Nasen- und Rachenspray verfl\u00fcssigt den Schleim und erleichtert so das Schn\u00e4uzen.<\/p>\n","protected":false},"excerpt":{"rendered":"<p>COLDAMARIS Nasen- und Rachenspray wird verwendet zur Befeuchtung bei trockener Nasen- und\/oder Rachenschleimhaut, zur Erleichterung der Nasenreinigung bei erh\u00f6hter Belastung durch Staub, Rauch, Pollen oder Schnupfen, und bei Erk\u00e4ltungen und Heuschnupfen: COLDAMARIS Nasen- und Rachenspray verfl\u00fcssigt den Schleim und erleichtert so das Schn\u00e4uzen.<\/p>\n","protected":false},"featured_media":16848,"template":"","meta":{"_acf_changed":false},"product_brand":[531],"product_cat":[812],"product_tag":[],"class_list":{"0":"post-16846","1":"product","2":"type-product","3":"status-publish","4":"has-post-thumbnail","6":"product_brand-coldamaris","7":"product_cat-c","8":"pa_packungsgroesse-20ml","10":"first","11":"instock","12":"shipping-taxable","13":"purchasable","14":"product-type-simple"},"acf":[],"_links":{"self":[{"href":"https:\/\/www.ernstbrunn-apotheke.at\/katalog\/wp-json\/wp\/v2\/product\/16846","targetHints":{"allow":["GET"]}}],"collection":[{"href":"https:\/\/www.ernstbrunn-apotheke.at\/katalog\/wp-json\/wp\/v2\/product"}],"about":[{"href":"https:\/\/www.ernstbrunn-apotheke.at\/katalog\/wp-json\/wp\/v2\/types\/product"}],"wp:featuredmedia":[{"embeddable":true,"href":"https:\/\/www.ernstbrunn-apotheke.at\/katalog\/wp-json\/wp\/v2\/media\/16848"}],"wp:attachment":[{"href":"https:\/\/www.ernstbrunn-apotheke.at\/katalog\/wp-json\/wp\/v2\/media?parent=16846"}],"wp:term":[{"taxonomy":"product_brand","embeddable":true,"href":"https:\/\/www.ernstbrunn-apotheke.at\/katalog\/wp-json\/wp\/v2\/product_brand?post=16846"},{"taxonomy":"product_cat","embeddable":true,"href":"https:\/\/www.ernstbrunn-apotheke.at\/katalog\/wp-json\/wp\/v2\/product_cat?post=16846"},{"taxonomy":"product_tag","embeddable":true,"href":"https:\/\/www.ernstbrunn-apotheke.at\/katalog\/wp-json\/wp\/v2\/product_tag?post=16846"}],"curies":[{"name":"wp","href":"https:\/\/api.w.org\/{rel}","templated":true}]}}