{"id":16829,"date":"2025-11-07T18:30:07","date_gmt":"2025-11-07T17:30:07","guid":{"rendered":"https:\/\/www.ernstbrunn-apotheke.at\/katalog\/produkt\/nasic-pur-nasenspray-10-ml\/"},"modified":"2025-12-08T13:57:25","modified_gmt":"2025-12-08T12:57:25","slug":"nasic-pur-nasenspray-10-ml","status":"publish","type":"product","link":"https:\/\/www.ernstbrunn-apotheke.at\/katalog\/produkt\/nasic-pur-nasenspray-10-ml\/","title":{"rendered":"nasic pur Nasenspray 10 ml"},"content":{"rendered":"<p>nasic\u00ae pur Nasenspray wird zur Abschwellung der Nasenschleimhaut bei Schnupfen und zur unterst\u00fctzenden Behandlung der Heilung von Haut- und Schleimhautl\u00e4sionen, anfallsweise auftretendem Flie\u00dfschnupfen (Rhinitis vasomotorica) und zur Behandlung der Nasenatmungsbehinderung nach operativen Eingriffen an der Nase angewendet. nasic\u00ae pur Nasenspray ist f\u00fcr Erwachsene und Schulkinder bestimmt.<\/p>\n","protected":false},"excerpt":{"rendered":"<p>nasic\u00ae pur Nasenspray wird zur Abschwellung der Nasenschleimhaut bei Schnupfen und zur unterst\u00fctzenden Behandlung der Heilung von Haut- und Schleimhautl\u00e4sionen, anfallsweise auftretendem Flie\u00dfschnupfen (Rhinitis vasomotorica) und zur Behandlung der Nasenatmungsbehinderung nach operativen Eingriffen an der Nase angewendet. nasic\u00ae pur Nasenspray ist f\u00fcr Erwachsene und Schulkinder bestimmt.<\/p>\n","protected":false},"featured_media":16831,"template":"","meta":{"_acf_changed":false},"product_brand":[],"product_cat":[797],"product_tag":[],"class_list":{"0":"post-16829","1":"product","2":"type-product","3":"status-publish","4":"has-post-thumbnail","6":"product_cat-n","7":"pa_farbe-klare-farblose-loesung","8":"pa_packungsgroesse-10ml","10":"first","11":"instock","12":"shipping-taxable","13":"purchasable","14":"product-type-simple"},"acf":[],"_links":{"self":[{"href":"https:\/\/www.ernstbrunn-apotheke.at\/katalog\/wp-json\/wp\/v2\/product\/16829","targetHints":{"allow":["GET"]}}],"collection":[{"href":"https:\/\/www.ernstbrunn-apotheke.at\/katalog\/wp-json\/wp\/v2\/product"}],"about":[{"href":"https:\/\/www.ernstbrunn-apotheke.at\/katalog\/wp-json\/wp\/v2\/types\/product"}],"wp:featuredmedia":[{"embeddable":true,"href":"https:\/\/www.ernstbrunn-apotheke.at\/katalog\/wp-json\/wp\/v2\/media\/16831"}],"wp:attachment":[{"href":"https:\/\/www.ernstbrunn-apotheke.at\/katalog\/wp-json\/wp\/v2\/media?parent=16829"}],"wp:term":[{"taxonomy":"product_brand","embeddable":true,"href":"https:\/\/www.ernstbrunn-apotheke.at\/katalog\/wp-json\/wp\/v2\/product_brand?post=16829"},{"taxonomy":"product_cat","embeddable":true,"href":"https:\/\/www.ernstbrunn-apotheke.at\/katalog\/wp-json\/wp\/v2\/product_cat?post=16829"},{"taxonomy":"product_tag","embeddable":true,"href":"https:\/\/www.ernstbrunn-apotheke.at\/katalog\/wp-json\/wp\/v2\/product_tag?post=16829"}],"curies":[{"name":"wp","href":"https:\/\/api.w.org\/{rel}","templated":true}]}}