{"id":16826,"date":"2025-11-07T18:30:07","date_gmt":"2025-11-07T17:30:07","guid":{"rendered":"https:\/\/www.ernstbrunn-apotheke.at\/katalog\/produkt\/sinupret-forte-dragees\/"},"modified":"2025-12-08T13:57:24","modified_gmt":"2025-12-08T12:57:24","slug":"sinupret-forte-dragees","status":"publish","type":"product","link":"https:\/\/www.ernstbrunn-apotheke.at\/katalog\/produkt\/sinupret-forte-dragees\/","title":{"rendered":"Sinupret forte Dragees"},"content":{"rendered":"<p>Sinupret forte Dragees sind ein pflanzliches Arzneimittel zur Verfl\u00fcssigung von z\u00e4hem Schleim und zur Unterst\u00fctzung spezifischer Ma\u00dfnahmen bei akuten und chronischen Katarrhen der Atemwege, insbesondere der Nasennebenh\u00f6hlen.<\/p>\n","protected":false},"excerpt":{"rendered":"<p>Sinupret forte Dragees sind ein pflanzliches Arzneimittel zur Verfl\u00fcssigung von z\u00e4hem Schleim und zur Unterst\u00fctzung spezifischer Ma\u00dfnahmen bei akuten und chronischen Katarrhen der Atemwege, insbesondere der Nasennebenh\u00f6hlen.<\/p>\n","protected":false},"featured_media":16828,"template":"","meta":{"_acf_changed":false},"product_brand":[],"product_cat":[791],"product_tag":[],"class_list":{"0":"post-16826","1":"product","2":"type-product","3":"status-publish","4":"has-post-thumbnail","6":"product_cat-s","7":"pa_packungsgroesse-20-stueck","8":"pa_packungsgroesse-50-stueck","10":"first","11":"instock","12":"shipping-taxable","13":"purchasable","14":"product-type-simple"},"acf":[],"_links":{"self":[{"href":"https:\/\/www.ernstbrunn-apotheke.at\/katalog\/wp-json\/wp\/v2\/product\/16826","targetHints":{"allow":["GET"]}}],"collection":[{"href":"https:\/\/www.ernstbrunn-apotheke.at\/katalog\/wp-json\/wp\/v2\/product"}],"about":[{"href":"https:\/\/www.ernstbrunn-apotheke.at\/katalog\/wp-json\/wp\/v2\/types\/product"}],"wp:featuredmedia":[{"embeddable":true,"href":"https:\/\/www.ernstbrunn-apotheke.at\/katalog\/wp-json\/wp\/v2\/media\/16828"}],"wp:attachment":[{"href":"https:\/\/www.ernstbrunn-apotheke.at\/katalog\/wp-json\/wp\/v2\/media?parent=16826"}],"wp:term":[{"taxonomy":"product_brand","embeddable":true,"href":"https:\/\/www.ernstbrunn-apotheke.at\/katalog\/wp-json\/wp\/v2\/product_brand?post=16826"},{"taxonomy":"product_cat","embeddable":true,"href":"https:\/\/www.ernstbrunn-apotheke.at\/katalog\/wp-json\/wp\/v2\/product_cat?post=16826"},{"taxonomy":"product_tag","embeddable":true,"href":"https:\/\/www.ernstbrunn-apotheke.at\/katalog\/wp-json\/wp\/v2\/product_tag?post=16826"}],"curies":[{"name":"wp","href":"https:\/\/api.w.org\/{rel}","templated":true}]}}