{"id":16767,"date":"2025-11-07T18:29:10","date_gmt":"2025-11-07T17:29:10","guid":{"rendered":"https:\/\/www.ernstbrunn-apotheke.at\/katalog\/produkt\/luuf-naphazolin-compositum-nasenspray\/"},"modified":"2025-12-08T13:57:03","modified_gmt":"2025-12-08T12:57:03","slug":"luuf-naphazolin-compositum-nasenspray","status":"publish","type":"product","link":"https:\/\/www.ernstbrunn-apotheke.at\/katalog\/produkt\/luuf-naphazolin-compositum-nasenspray\/","title":{"rendered":"Luuf Naphazolin compositum Nasenspray"},"content":{"rendered":"<p>LUUF Naphazolin compositum Nasenspray besteht aus einer schleimhautabschwellenden L\u00f6sung mit dem Wirkstoff Naphazolin, die rasch eine Abnahme der \u00fcberm\u00e4\u00dfigen Sekretbildung bewirkt und die l\u00e4stigen Anzeichen (Symptome) des Schnupfens lindert.<\/p>\n","protected":false},"excerpt":{"rendered":"<p>LUUF Naphazolin compositum Nasenspray besteht aus einer schleimhautabschwellenden L\u00f6sung mit dem Wirkstoff Naphazolin, die rasch eine Abnahme der \u00fcberm\u00e4\u00dfigen Sekretbildung bewirkt und die l\u00e4stigen Anzeichen (Symptome) des Schnupfens lindert.<\/p>\n","protected":false},"featured_media":16769,"template":"","meta":{"_acf_changed":false},"product_brand":[566],"product_cat":[795],"product_tag":[],"class_list":{"0":"post-16767","1":"product","2":"type-product","3":"status-publish","4":"has-post-thumbnail","6":"product_brand-luuf","7":"product_cat-l","8":"pa_packungsgroesse-15ml","10":"first","11":"instock","12":"shipping-taxable","13":"purchasable","14":"product-type-simple"},"acf":[],"_links":{"self":[{"href":"https:\/\/www.ernstbrunn-apotheke.at\/katalog\/wp-json\/wp\/v2\/product\/16767","targetHints":{"allow":["GET"]}}],"collection":[{"href":"https:\/\/www.ernstbrunn-apotheke.at\/katalog\/wp-json\/wp\/v2\/product"}],"about":[{"href":"https:\/\/www.ernstbrunn-apotheke.at\/katalog\/wp-json\/wp\/v2\/types\/product"}],"wp:featuredmedia":[{"embeddable":true,"href":"https:\/\/www.ernstbrunn-apotheke.at\/katalog\/wp-json\/wp\/v2\/media\/16769"}],"wp:attachment":[{"href":"https:\/\/www.ernstbrunn-apotheke.at\/katalog\/wp-json\/wp\/v2\/media?parent=16767"}],"wp:term":[{"taxonomy":"product_brand","embeddable":true,"href":"https:\/\/www.ernstbrunn-apotheke.at\/katalog\/wp-json\/wp\/v2\/product_brand?post=16767"},{"taxonomy":"product_cat","embeddable":true,"href":"https:\/\/www.ernstbrunn-apotheke.at\/katalog\/wp-json\/wp\/v2\/product_cat?post=16767"},{"taxonomy":"product_tag","embeddable":true,"href":"https:\/\/www.ernstbrunn-apotheke.at\/katalog\/wp-json\/wp\/v2\/product_tag?post=16767"}],"curies":[{"name":"wp","href":"https:\/\/api.w.org\/{rel}","templated":true}]}}