{"id":16752,"date":"2025-11-07T18:29:10","date_gmt":"2025-11-07T17:29:10","guid":{"rendered":"https:\/\/www.ernstbrunn-apotheke.at\/katalog\/produkt\/sinupret-intens-ueberzogene-tabletten-20-stk\/"},"modified":"2025-12-08T13:57:01","modified_gmt":"2025-12-08T12:57:01","slug":"sinupret-intens-ueberzogene-tabletten-20-stk","status":"publish","type":"product","link":"https:\/\/www.ernstbrunn-apotheke.at\/katalog\/produkt\/sinupret-intens-ueberzogene-tabletten-20-stk\/","title":{"rendered":"Sinupret intens \u00fcberzogene Tabletten 20 Stk."},"content":{"rendered":"<p>Sinupret\u00ae intens wirkt immens stark gegen akuten Schnupfen und Nasennebenh\u00f6hlen-Entz\u00fcndungen. Es enth\u00e4lt die bew\u00e4hrte Kombination aus den Heilpflanzen Enzianwurzel, Eisenkraut, Holunderbl\u00fcten, Sauerampferkraut und Schl\u00fcsselblumenbl\u00fcten. Sinupret\u00ae intens ist 4-fach konzentriert* und daher besonders wirksam.<\/p>\n","protected":false},"excerpt":{"rendered":"<p>Sinupret\u00ae intens wirkt immens stark gegen akuten Schnupfen und Nasennebenh\u00f6hlen-Entz\u00fcndungen. Es enth\u00e4lt die bew\u00e4hrte Kombination aus den Heilpflanzen Enzianwurzel, Eisenkraut, Holunderbl\u00fcten, Sauerampferkraut und Schl\u00fcsselblumenbl\u00fcten. Sinupret\u00ae intens ist 4-fach konzentriert* und daher besonders wirksam.<\/p>\n","protected":false},"featured_media":16754,"template":"","meta":{"_acf_changed":false},"product_brand":[],"product_cat":[791],"product_tag":[],"class_list":{"0":"post-16752","1":"product","2":"type-product","3":"status-publish","4":"has-post-thumbnail","6":"product_cat-s","7":"pa_packungsgroesse-20-stueck","9":"first","10":"instock","11":"shipping-taxable","12":"purchasable","13":"product-type-simple"},"acf":[],"_links":{"self":[{"href":"https:\/\/www.ernstbrunn-apotheke.at\/katalog\/wp-json\/wp\/v2\/product\/16752","targetHints":{"allow":["GET"]}}],"collection":[{"href":"https:\/\/www.ernstbrunn-apotheke.at\/katalog\/wp-json\/wp\/v2\/product"}],"about":[{"href":"https:\/\/www.ernstbrunn-apotheke.at\/katalog\/wp-json\/wp\/v2\/types\/product"}],"wp:featuredmedia":[{"embeddable":true,"href":"https:\/\/www.ernstbrunn-apotheke.at\/katalog\/wp-json\/wp\/v2\/media\/16754"}],"wp:attachment":[{"href":"https:\/\/www.ernstbrunn-apotheke.at\/katalog\/wp-json\/wp\/v2\/media?parent=16752"}],"wp:term":[{"taxonomy":"product_brand","embeddable":true,"href":"https:\/\/www.ernstbrunn-apotheke.at\/katalog\/wp-json\/wp\/v2\/product_brand?post=16752"},{"taxonomy":"product_cat","embeddable":true,"href":"https:\/\/www.ernstbrunn-apotheke.at\/katalog\/wp-json\/wp\/v2\/product_cat?post=16752"},{"taxonomy":"product_tag","embeddable":true,"href":"https:\/\/www.ernstbrunn-apotheke.at\/katalog\/wp-json\/wp\/v2\/product_tag?post=16752"}],"curies":[{"name":"wp","href":"https:\/\/api.w.org\/{rel}","templated":true}]}}