{"id":16747,"date":"2025-11-07T18:29:10","date_gmt":"2025-11-07T17:29:10","guid":{"rendered":"https:\/\/www.ernstbrunn-apotheke.at\/katalog\/produkt\/otrivin-01-nasenspray-10-ml\/"},"modified":"2025-12-08T13:56:59","modified_gmt":"2025-12-08T12:56:59","slug":"otrivin-01-nasenspray-10-ml","status":"publish","type":"product","link":"https:\/\/www.ernstbrunn-apotheke.at\/katalog\/produkt\/otrivin-01-nasenspray-10-ml\/","title":{"rendered":"Otrivin 0,1% Nasenspray 10 ml"},"content":{"rendered":"<p>Otrivin wird zur Behandlung von verstopfter Nase durch Erk\u00e4ltungen, Heuschnupfen, allergischem Schnupfen oder Nasennebenh\u00f6hlenentz\u00fcndung angewendet. Es befreit schnell die verstopfte Nase und erleichtert den Sekret-Abfluss  dies bewirkt ein freies Atmen durch die Nase. Otrivin unterst\u00fctzt auch bei Mittelohrentz\u00fcndung die Schleimhautabschwellung im Nasen-Rachen-Raum.<\/p>\n","protected":false},"excerpt":{"rendered":"<p>Otrivin wird zur Behandlung von verstopfter Nase durch Erk\u00e4ltungen, Heuschnupfen, allergischem Schnupfen oder Nasennebenh\u00f6hlenentz\u00fcndung angewendet. Es befreit schnell die verstopfte Nase und erleichtert den Sekret-Abfluss dies bewirkt ein freies Atmen durch die Nase. Otrivin unterst\u00fctzt auch bei Mittelohrentz\u00fcndung die Schleimhautabschwellung im Nasen-Rachen-Raum.<\/p>\n","protected":false},"featured_media":16749,"template":"","meta":{"_acf_changed":false},"product_brand":[609],"product_cat":[819],"product_tag":[],"class_list":{"0":"post-16747","1":"product","2":"type-product","3":"status-publish","4":"has-post-thumbnail","6":"product_brand-otrivin","7":"product_cat-o","8":"pa_packungsgroesse-10ml","10":"first","11":"instock","12":"shipping-taxable","13":"purchasable","14":"product-type-simple"},"acf":[],"_links":{"self":[{"href":"https:\/\/www.ernstbrunn-apotheke.at\/katalog\/wp-json\/wp\/v2\/product\/16747","targetHints":{"allow":["GET"]}}],"collection":[{"href":"https:\/\/www.ernstbrunn-apotheke.at\/katalog\/wp-json\/wp\/v2\/product"}],"about":[{"href":"https:\/\/www.ernstbrunn-apotheke.at\/katalog\/wp-json\/wp\/v2\/types\/product"}],"wp:featuredmedia":[{"embeddable":true,"href":"https:\/\/www.ernstbrunn-apotheke.at\/katalog\/wp-json\/wp\/v2\/media\/16749"}],"wp:attachment":[{"href":"https:\/\/www.ernstbrunn-apotheke.at\/katalog\/wp-json\/wp\/v2\/media?parent=16747"}],"wp:term":[{"taxonomy":"product_brand","embeddable":true,"href":"https:\/\/www.ernstbrunn-apotheke.at\/katalog\/wp-json\/wp\/v2\/product_brand?post=16747"},{"taxonomy":"product_cat","embeddable":true,"href":"https:\/\/www.ernstbrunn-apotheke.at\/katalog\/wp-json\/wp\/v2\/product_cat?post=16747"},{"taxonomy":"product_tag","embeddable":true,"href":"https:\/\/www.ernstbrunn-apotheke.at\/katalog\/wp-json\/wp\/v2\/product_tag?post=16747"}],"curies":[{"name":"wp","href":"https:\/\/api.w.org\/{rel}","templated":true}]}}