{"id":16732,"date":"2025-11-07T18:29:10","date_gmt":"2025-11-07T17:29:10","guid":{"rendered":"https:\/\/www.ernstbrunn-apotheke.at\/katalog\/produkt\/rhinospray-plus-aetherische-oele-nasenspray-10-ml\/"},"modified":"2025-12-08T13:56:55","modified_gmt":"2025-12-08T12:56:55","slug":"rhinospray-plus-aetherische-oele-nasenspray-10-ml","status":"publish","type":"product","link":"https:\/\/www.ernstbrunn-apotheke.at\/katalog\/produkt\/rhinospray-plus-aetherische-oele-nasenspray-10-ml\/","title":{"rendered":"Rhinospray plus \u00e4therische \u00d6le Nasenspray 10 ml"},"content":{"rendered":"<p>Rhinospray plus dient zur Schleimhautabschwellung bei akutem allergischem oder nichtallergischem Schnupfen. Rhinospray plus enth\u00e4lt als medizinisch wirksamen Bestandteil Tramazolinhydrochlorid. Dieser Wirkstoff bewirkt bei Schnupfen ein Abschwellen der Nasenschleimhaut. Schon kurz nach dem Einspr\u00fchen in die Nase werden die verlegten Luftwege wieder frei. \u00c4therische \u00d6le verst\u00e4rken das Gef\u00fchl der freien Nasenatmung. Die Wirkung tritt rasch ein und h\u00e4lt mehrere Stunden an. Der Feindosierer erzeugt einen feinen, dichten Spr\u00fchnebel. Er benetzt auch versteckte Schleimhautbuchten in der Nase und dringt bis zu den M\u00fcndungen der Nasennebenh\u00f6hlen vor.<\/p>\n","protected":false},"excerpt":{"rendered":"<p>Rhinospray plus dient zur Schleimhautabschwellung bei akutem allergischem oder nichtallergischem Schnupfen. Rhinospray plus enth\u00e4lt als medizinisch wirksamen Bestandteil Tramazolinhydrochlorid. Dieser Wirkstoff bewirkt bei Schnupfen ein Abschwellen der Nasenschleimhaut. Schon kurz nach dem Einspr\u00fchen in die Nase werden die verlegten Luftwege wieder frei. \u00c4therische \u00d6le verst\u00e4rken das Gef\u00fchl der freien Nasenatmung. Die Wirkung tritt rasch ein [&hellip;]<\/p>\n","protected":false},"featured_media":6451,"template":"","meta":{"_acf_changed":false},"product_brand":[],"product_cat":[808],"product_tag":[],"class_list":{"0":"post-16732","1":"product","2":"type-product","3":"status-publish","4":"has-post-thumbnail","6":"product_cat-r","7":"pa_packungsgroesse-10ml","9":"first","10":"instock","11":"shipping-taxable","12":"purchasable","13":"product-type-simple"},"acf":[],"_links":{"self":[{"href":"https:\/\/www.ernstbrunn-apotheke.at\/katalog\/wp-json\/wp\/v2\/product\/16732","targetHints":{"allow":["GET"]}}],"collection":[{"href":"https:\/\/www.ernstbrunn-apotheke.at\/katalog\/wp-json\/wp\/v2\/product"}],"about":[{"href":"https:\/\/www.ernstbrunn-apotheke.at\/katalog\/wp-json\/wp\/v2\/types\/product"}],"wp:featuredmedia":[{"embeddable":true,"href":"https:\/\/www.ernstbrunn-apotheke.at\/katalog\/wp-json\/wp\/v2\/media\/6451"}],"wp:attachment":[{"href":"https:\/\/www.ernstbrunn-apotheke.at\/katalog\/wp-json\/wp\/v2\/media?parent=16732"}],"wp:term":[{"taxonomy":"product_brand","embeddable":true,"href":"https:\/\/www.ernstbrunn-apotheke.at\/katalog\/wp-json\/wp\/v2\/product_brand?post=16732"},{"taxonomy":"product_cat","embeddable":true,"href":"https:\/\/www.ernstbrunn-apotheke.at\/katalog\/wp-json\/wp\/v2\/product_cat?post=16732"},{"taxonomy":"product_tag","embeddable":true,"href":"https:\/\/www.ernstbrunn-apotheke.at\/katalog\/wp-json\/wp\/v2\/product_tag?post=16732"}],"curies":[{"name":"wp","href":"https:\/\/api.w.org\/{rel}","templated":true}]}}