{"id":16704,"date":"2025-11-07T18:28:23","date_gmt":"2025-11-07T17:28:23","guid":{"rendered":"https:\/\/www.ernstbrunn-apotheke.at\/katalog\/produkt\/tierra-verde-spirulina-pulver-500-g\/"},"modified":"2025-12-08T13:56:48","modified_gmt":"2025-12-08T12:56:48","slug":"tierra-verde-spirulina-pulver-500-g","status":"publish","type":"product","link":"https:\/\/www.ernstbrunn-apotheke.at\/katalog\/produkt\/tierra-verde-spirulina-pulver-500-g\/","title":{"rendered":"Tierra Verde Spirulina Pulver 500 g"},"content":{"rendered":"<p>Tierra Verde Spirulina Pulver enth\u00e4lt ausschlie\u00dflich pure Spirulina. Die S\u00fc\u00dfwasser-Alge geh\u00f6rt zu den \u00e4ltesten Lebewesen der Erde \u2013 und ist ein wahrer Allesk\u00f6nner. Sie kann die Selbstheilungskr\u00e4fte des K\u00f6rpers aktivieren, die Blutwerte verbessern, allergische Reaktionen reduzieren, die Hirnleistung verbessern und den Alterungsprozess verlangsamen.<\/p>\n","protected":false},"excerpt":{"rendered":"<p>Tierra Verde Spirulina Pulver enth\u00e4lt ausschlie\u00dflich pure Spirulina. Die S\u00fc\u00dfwasser-Alge geh\u00f6rt zu den \u00e4ltesten Lebewesen der Erde \u2013 und ist ein wahrer Allesk\u00f6nner. Sie kann die Selbstheilungskr\u00e4fte des K\u00f6rpers aktivieren, die Blutwerte verbessern, allergische Reaktionen reduzieren, die Hirnleistung verbessern und den Alterungsprozess verlangsamen.<\/p>\n","protected":false},"featured_media":0,"template":"","meta":{"_acf_changed":false},"product_brand":[],"product_cat":[798],"product_tag":[],"class_list":{"0":"post-16704","1":"product","2":"type-product","3":"status-publish","5":"product_cat-t","6":"pa_packungsgroesse-500g","8":"first","9":"instock","10":"shipping-taxable","11":"purchasable","12":"product-type-simple"},"acf":[],"_links":{"self":[{"href":"https:\/\/www.ernstbrunn-apotheke.at\/katalog\/wp-json\/wp\/v2\/product\/16704","targetHints":{"allow":["GET"]}}],"collection":[{"href":"https:\/\/www.ernstbrunn-apotheke.at\/katalog\/wp-json\/wp\/v2\/product"}],"about":[{"href":"https:\/\/www.ernstbrunn-apotheke.at\/katalog\/wp-json\/wp\/v2\/types\/product"}],"wp:attachment":[{"href":"https:\/\/www.ernstbrunn-apotheke.at\/katalog\/wp-json\/wp\/v2\/media?parent=16704"}],"wp:term":[{"taxonomy":"product_brand","embeddable":true,"href":"https:\/\/www.ernstbrunn-apotheke.at\/katalog\/wp-json\/wp\/v2\/product_brand?post=16704"},{"taxonomy":"product_cat","embeddable":true,"href":"https:\/\/www.ernstbrunn-apotheke.at\/katalog\/wp-json\/wp\/v2\/product_cat?post=16704"},{"taxonomy":"product_tag","embeddable":true,"href":"https:\/\/www.ernstbrunn-apotheke.at\/katalog\/wp-json\/wp\/v2\/product_tag?post=16704"}],"curies":[{"name":"wp","href":"https:\/\/api.w.org\/{rel}","templated":true}]}}