{"id":16696,"date":"2025-11-07T18:28:23","date_gmt":"2025-11-07T17:28:23","guid":{"rendered":"https:\/\/www.ernstbrunn-apotheke.at\/katalog\/produkt\/waldhoer-grapefruit-kern-kapseln-70-stk\/"},"modified":"2025-12-08T13:56:47","modified_gmt":"2025-12-08T12:56:47","slug":"waldhoer-grapefruit-kern-kapseln-70-stk","status":"publish","type":"product","link":"https:\/\/www.ernstbrunn-apotheke.at\/katalog\/produkt\/waldhoer-grapefruit-kern-kapseln-70-stk\/","title":{"rendered":"Waldh\u00f6r Grapefruit Kern Kapseln 70 Stk."},"content":{"rendered":"<p>Waldh\u00f6r Grapefruit Kern Kapseln werden durch reines Wasser ohne Hilfsstoffe aus den Kernen und Zellw\u00e4nden der Grapefruit gewonnen. Sie enthalten spezielle, besonders bittere Bioflavonoide, die abgesehen von ihrer positiven Wirkung auf die Gef\u00e4\u00dfe auch einen positiven Einfluss auf Darmgesundheit und Fett\u00adverbrennung haben. Unterst\u00fctzt beim Abnehmen.<\/p>\n","protected":false},"excerpt":{"rendered":"<p>Waldh\u00f6r Grapefruit Kern Kapseln werden durch reines Wasser ohne Hilfsstoffe aus den Kernen und Zellw\u00e4nden der Grapefruit gewonnen. Sie enthalten spezielle, besonders bittere Bioflavonoide, die abgesehen von ihrer positiven Wirkung auf die Gef\u00e4\u00dfe auch einen positiven Einfluss auf Darmgesundheit und Fett\u00adverbrennung haben. Unterst\u00fctzt beim Abnehmen.<\/p>\n","protected":false},"featured_media":16698,"template":"","meta":{"_acf_changed":false},"product_brand":[],"product_cat":[796],"product_tag":[],"class_list":{"0":"post-16696","1":"product","2":"type-product","3":"status-publish","4":"has-post-thumbnail","6":"product_cat-w","7":"pa_packungsgroesse-70-stueck","9":"first","10":"instock","11":"shipping-taxable","12":"purchasable","13":"product-type-simple"},"acf":[],"_links":{"self":[{"href":"https:\/\/www.ernstbrunn-apotheke.at\/katalog\/wp-json\/wp\/v2\/product\/16696","targetHints":{"allow":["GET"]}}],"collection":[{"href":"https:\/\/www.ernstbrunn-apotheke.at\/katalog\/wp-json\/wp\/v2\/product"}],"about":[{"href":"https:\/\/www.ernstbrunn-apotheke.at\/katalog\/wp-json\/wp\/v2\/types\/product"}],"wp:featuredmedia":[{"embeddable":true,"href":"https:\/\/www.ernstbrunn-apotheke.at\/katalog\/wp-json\/wp\/v2\/media\/16698"}],"wp:attachment":[{"href":"https:\/\/www.ernstbrunn-apotheke.at\/katalog\/wp-json\/wp\/v2\/media?parent=16696"}],"wp:term":[{"taxonomy":"product_brand","embeddable":true,"href":"https:\/\/www.ernstbrunn-apotheke.at\/katalog\/wp-json\/wp\/v2\/product_brand?post=16696"},{"taxonomy":"product_cat","embeddable":true,"href":"https:\/\/www.ernstbrunn-apotheke.at\/katalog\/wp-json\/wp\/v2\/product_cat?post=16696"},{"taxonomy":"product_tag","embeddable":true,"href":"https:\/\/www.ernstbrunn-apotheke.at\/katalog\/wp-json\/wp\/v2\/product_tag?post=16696"}],"curies":[{"name":"wp","href":"https:\/\/api.w.org\/{rel}","templated":true}]}}