{"id":16691,"date":"2025-11-07T18:28:23","date_gmt":"2025-11-07T17:28:23","guid":{"rendered":"https:\/\/www.ernstbrunn-apotheke.at\/katalog\/produkt\/chitosan-plus-kapseln\/"},"modified":"2025-12-08T13:56:45","modified_gmt":"2025-12-08T12:56:45","slug":"chitosan-plus-kapseln","status":"publish","type":"product","link":"https:\/\/www.ernstbrunn-apotheke.at\/katalog\/produkt\/chitosan-plus-kapseln\/","title":{"rendered":"Chitosan Plus Kapseln"},"content":{"rendered":"<p>Die Chitosan Plus Kapseln unterst\u00fctzen eine fett- und kalorienreduzierte Di\u00e4t. Sie enthalten 200mg Chitosan Pulver, Ascorbins\u00e4ure, Vitamin C, E, B6, B2, B1, B12, Fols\u00e4ure, Niacin und Biotin.<\/p>\n","protected":false},"excerpt":{"rendered":"<p>Die Chitosan Plus Kapseln unterst\u00fctzen eine fett- und kalorienreduzierte Di\u00e4t. Sie enthalten 200mg Chitosan Pulver, Ascorbins\u00e4ure, Vitamin C, E, B6, B2, B1, B12, Fols\u00e4ure, Niacin und Biotin.<\/p>\n","protected":false},"featured_media":16693,"template":"","meta":{"_acf_changed":false},"product_brand":[371],"product_cat":[812],"product_tag":[],"class_list":{"0":"post-16691","1":"product","2":"type-product","3":"status-publish","4":"has-post-thumbnail","6":"product_brand-gall-pharma","7":"product_cat-c","8":"pa_packungsgroesse-60-stueck","10":"first","11":"instock","12":"shipping-taxable","13":"purchasable","14":"product-type-simple"},"acf":[],"_links":{"self":[{"href":"https:\/\/www.ernstbrunn-apotheke.at\/katalog\/wp-json\/wp\/v2\/product\/16691","targetHints":{"allow":["GET"]}}],"collection":[{"href":"https:\/\/www.ernstbrunn-apotheke.at\/katalog\/wp-json\/wp\/v2\/product"}],"about":[{"href":"https:\/\/www.ernstbrunn-apotheke.at\/katalog\/wp-json\/wp\/v2\/types\/product"}],"wp:featuredmedia":[{"embeddable":true,"href":"https:\/\/www.ernstbrunn-apotheke.at\/katalog\/wp-json\/wp\/v2\/media\/16693"}],"wp:attachment":[{"href":"https:\/\/www.ernstbrunn-apotheke.at\/katalog\/wp-json\/wp\/v2\/media?parent=16691"}],"wp:term":[{"taxonomy":"product_brand","embeddable":true,"href":"https:\/\/www.ernstbrunn-apotheke.at\/katalog\/wp-json\/wp\/v2\/product_brand?post=16691"},{"taxonomy":"product_cat","embeddable":true,"href":"https:\/\/www.ernstbrunn-apotheke.at\/katalog\/wp-json\/wp\/v2\/product_cat?post=16691"},{"taxonomy":"product_tag","embeddable":true,"href":"https:\/\/www.ernstbrunn-apotheke.at\/katalog\/wp-json\/wp\/v2\/product_tag?post=16691"}],"curies":[{"name":"wp","href":"https:\/\/api.w.org\/{rel}","templated":true}]}}