{"id":16680,"date":"2025-11-07T18:28:23","date_gmt":"2025-11-07T17:28:23","guid":{"rendered":"https:\/\/www.ernstbrunn-apotheke.at\/katalog\/produkt\/threonin-500mg-kapseln\/"},"modified":"2025-12-08T13:56:41","modified_gmt":"2025-12-08T12:56:41","slug":"threonin-500mg-kapseln","status":"publish","type":"product","link":"https:\/\/www.ernstbrunn-apotheke.at\/katalog\/produkt\/threonin-500mg-kapseln\/","title":{"rendered":"Threonin 500mg Kapseln"},"content":{"rendered":"<p>Gall Pharma Threonin 500 mg Kapseln 60 Stk. enthalten 500 mg L-Threonin in einer Hartgelatinekapsel. L-Threonin ist wichtig f\u00fcr ein funktionierendes Immunsystem und daher ist diese Aminos\u00e4ure unverzichtbar f\u00fcr eine funktionierende k\u00f6rpereigene Abwehr. Weiters ist L-Threonin f\u00fcr die Weitstellung der Blutgef\u00e4\u00dfe und damit f\u00fcr die Durchblutung des K\u00f6rpers, des Herzens und des Gehirns zust\u00e4ndig, ein Mangel an L-Threonin bedeutet demnach fast immer enggestellte Blutgef\u00e4\u00dfe, M\u00fcdigkeit bis hin zu Herzbeschwerden.<\/p>\n","protected":false},"excerpt":{"rendered":"<p>Gall Pharma Threonin 500 mg Kapseln 60 Stk. enthalten 500 mg L-Threonin in einer Hartgelatinekapsel. L-Threonin ist wichtig f\u00fcr ein funktionierendes Immunsystem und daher ist diese Aminos\u00e4ure unverzichtbar f\u00fcr eine funktionierende k\u00f6rpereigene Abwehr. Weiters ist L-Threonin f\u00fcr die Weitstellung der Blutgef\u00e4\u00dfe und damit f\u00fcr die Durchblutung des K\u00f6rpers, des Herzens und des Gehirns zust\u00e4ndig, ein [&hellip;]<\/p>\n","protected":false},"featured_media":16682,"template":"","meta":{"_acf_changed":false},"product_brand":[371],"product_cat":[798],"product_tag":[],"class_list":{"0":"post-16680","1":"product","2":"type-product","3":"status-publish","4":"has-post-thumbnail","6":"product_brand-gall-pharma","7":"product_cat-t","8":"pa_packungsgroesse-60-stueck","10":"first","11":"instock","12":"shipping-taxable","13":"purchasable","14":"product-type-simple"},"acf":[],"_links":{"self":[{"href":"https:\/\/www.ernstbrunn-apotheke.at\/katalog\/wp-json\/wp\/v2\/product\/16680","targetHints":{"allow":["GET"]}}],"collection":[{"href":"https:\/\/www.ernstbrunn-apotheke.at\/katalog\/wp-json\/wp\/v2\/product"}],"about":[{"href":"https:\/\/www.ernstbrunn-apotheke.at\/katalog\/wp-json\/wp\/v2\/types\/product"}],"wp:featuredmedia":[{"embeddable":true,"href":"https:\/\/www.ernstbrunn-apotheke.at\/katalog\/wp-json\/wp\/v2\/media\/16682"}],"wp:attachment":[{"href":"https:\/\/www.ernstbrunn-apotheke.at\/katalog\/wp-json\/wp\/v2\/media?parent=16680"}],"wp:term":[{"taxonomy":"product_brand","embeddable":true,"href":"https:\/\/www.ernstbrunn-apotheke.at\/katalog\/wp-json\/wp\/v2\/product_brand?post=16680"},{"taxonomy":"product_cat","embeddable":true,"href":"https:\/\/www.ernstbrunn-apotheke.at\/katalog\/wp-json\/wp\/v2\/product_cat?post=16680"},{"taxonomy":"product_tag","embeddable":true,"href":"https:\/\/www.ernstbrunn-apotheke.at\/katalog\/wp-json\/wp\/v2\/product_tag?post=16680"}],"curies":[{"name":"wp","href":"https:\/\/api.w.org\/{rel}","templated":true}]}}