{"id":16654,"date":"2025-11-07T18:27:22","date_gmt":"2025-11-07T17:27:22","guid":{"rendered":"https:\/\/www.ernstbrunn-apotheke.at\/katalog\/produkt\/bios-l-lysin-500-mg-kapseln\/"},"modified":"2025-12-08T13:56:35","modified_gmt":"2025-12-08T12:56:35","slug":"bios-l-lysin-500-mg-kapseln","status":"publish","type":"product","link":"https:\/\/www.ernstbrunn-apotheke.at\/katalog\/produkt\/bios-l-lysin-500-mg-kapseln\/","title":{"rendered":"Bios L-Lysin 500 mg Kapseln"},"content":{"rendered":"<p>Bios L-Lysin 500 mg Kapseln enthalten 500 mg L-Lysinhydrochlorid in einer Hartgelatinekapsel. L-Lysin eine essentielle Aminos\u00e4ure, das hei\u00dft, der K\u00f6rper kann sie nicht selbst herstellen. Diese Aminos\u00e4ure muss mit der Nahrung zugef\u00fchrt werden. Ein dauerhafter Mangel an essentiellen Aminos\u00e4uren oder ein Fehlen beeintr\u00e4chtigt den Stoffwechsel.<\/p>\n","protected":false},"excerpt":{"rendered":"<p>Bios L-Lysin 500 mg Kapseln enthalten 500 mg L-Lysinhydrochlorid in einer Hartgelatinekapsel. L-Lysin eine essentielle Aminos\u00e4ure, das hei\u00dft, der K\u00f6rper kann sie nicht selbst herstellen. Diese Aminos\u00e4ure muss mit der Nahrung zugef\u00fchrt werden. Ein dauerhafter Mangel an essentiellen Aminos\u00e4uren oder ein Fehlen beeintr\u00e4chtigt den Stoffwechsel.<\/p>\n","protected":false},"featured_media":16656,"template":"","meta":{"_acf_changed":false},"product_brand":[],"product_cat":[802],"product_tag":[],"class_list":{"0":"post-16654","1":"product","2":"type-product","3":"status-publish","4":"has-post-thumbnail","6":"product_cat-b","7":"pa_packungsgroesse-100-stueck","9":"first","10":"instock","11":"shipping-taxable","12":"purchasable","13":"product-type-simple"},"acf":[],"_links":{"self":[{"href":"https:\/\/www.ernstbrunn-apotheke.at\/katalog\/wp-json\/wp\/v2\/product\/16654","targetHints":{"allow":["GET"]}}],"collection":[{"href":"https:\/\/www.ernstbrunn-apotheke.at\/katalog\/wp-json\/wp\/v2\/product"}],"about":[{"href":"https:\/\/www.ernstbrunn-apotheke.at\/katalog\/wp-json\/wp\/v2\/types\/product"}],"wp:featuredmedia":[{"embeddable":true,"href":"https:\/\/www.ernstbrunn-apotheke.at\/katalog\/wp-json\/wp\/v2\/media\/16656"}],"wp:attachment":[{"href":"https:\/\/www.ernstbrunn-apotheke.at\/katalog\/wp-json\/wp\/v2\/media?parent=16654"}],"wp:term":[{"taxonomy":"product_brand","embeddable":true,"href":"https:\/\/www.ernstbrunn-apotheke.at\/katalog\/wp-json\/wp\/v2\/product_brand?post=16654"},{"taxonomy":"product_cat","embeddable":true,"href":"https:\/\/www.ernstbrunn-apotheke.at\/katalog\/wp-json\/wp\/v2\/product_cat?post=16654"},{"taxonomy":"product_tag","embeddable":true,"href":"https:\/\/www.ernstbrunn-apotheke.at\/katalog\/wp-json\/wp\/v2\/product_tag?post=16654"}],"curies":[{"name":"wp","href":"https:\/\/api.w.org\/{rel}","templated":true}]}}