{"id":16601,"date":"2025-11-07T18:26:22","date_gmt":"2025-11-07T17:26:22","guid":{"rendered":"https:\/\/www.ernstbrunn-apotheke.at\/katalog\/produkt\/life-light-spirulina-400-mg-tabletten-1-000-stk\/"},"modified":"2025-12-08T13:56:23","modified_gmt":"2025-12-08T12:56:23","slug":"life-light-spirulina-400-mg-tabletten-1-000-stk","status":"publish","type":"product","link":"https:\/\/www.ernstbrunn-apotheke.at\/katalog\/produkt\/life-light-spirulina-400-mg-tabletten-1-000-stk\/","title":{"rendered":"Life Light Spirulina 400 mg Tabletten 1.000 Stk."},"content":{"rendered":"<p>Microalgen Spirulina 400 mg Tabletten enthalten gr\u00fcne, jodfreie S\u00fc\u00dfwasser-Mikroalgen mit organisch gebundenem Chlorophyll und Vitamin B12. Vitamin B12 tr\u00e4gt zu einer normalen Funktion des Nervensystems, einer normalen Bildung roter Blutk\u00f6rperchen und einer Verringerung von M\u00fcdigkeit und Erm\u00fcdung bei. Au\u00dferdem leistet das Vitamin einen Beitrag zu einer normalen psychischen Funktion und einer normalen Funktion des Immunsystems.<\/p>\n","protected":false},"excerpt":{"rendered":"<p>Microalgen Spirulina 400 mg Tabletten enthalten gr\u00fcne, jodfreie S\u00fc\u00dfwasser-Mikroalgen mit organisch gebundenem Chlorophyll und Vitamin B12. Vitamin B12 tr\u00e4gt zu einer normalen Funktion des Nervensystems, einer normalen Bildung roter Blutk\u00f6rperchen und einer Verringerung von M\u00fcdigkeit und Erm\u00fcdung bei. Au\u00dferdem leistet das Vitamin einen Beitrag zu einer normalen psychischen Funktion und einer normalen Funktion des Immunsystems.<\/p>\n","protected":false},"featured_media":16603,"template":"","meta":{"_acf_changed":false},"product_brand":[],"product_cat":[795],"product_tag":[],"class_list":{"0":"post-16601","1":"product","2":"type-product","3":"status-publish","4":"has-post-thumbnail","6":"product_cat-l","7":"pa_packungsgroesse-1000-stueck","9":"first","10":"instock","11":"shipping-taxable","12":"purchasable","13":"product-type-simple"},"acf":[],"_links":{"self":[{"href":"https:\/\/www.ernstbrunn-apotheke.at\/katalog\/wp-json\/wp\/v2\/product\/16601","targetHints":{"allow":["GET"]}}],"collection":[{"href":"https:\/\/www.ernstbrunn-apotheke.at\/katalog\/wp-json\/wp\/v2\/product"}],"about":[{"href":"https:\/\/www.ernstbrunn-apotheke.at\/katalog\/wp-json\/wp\/v2\/types\/product"}],"wp:featuredmedia":[{"embeddable":true,"href":"https:\/\/www.ernstbrunn-apotheke.at\/katalog\/wp-json\/wp\/v2\/media\/16603"}],"wp:attachment":[{"href":"https:\/\/www.ernstbrunn-apotheke.at\/katalog\/wp-json\/wp\/v2\/media?parent=16601"}],"wp:term":[{"taxonomy":"product_brand","embeddable":true,"href":"https:\/\/www.ernstbrunn-apotheke.at\/katalog\/wp-json\/wp\/v2\/product_brand?post=16601"},{"taxonomy":"product_cat","embeddable":true,"href":"https:\/\/www.ernstbrunn-apotheke.at\/katalog\/wp-json\/wp\/v2\/product_cat?post=16601"},{"taxonomy":"product_tag","embeddable":true,"href":"https:\/\/www.ernstbrunn-apotheke.at\/katalog\/wp-json\/wp\/v2\/product_tag?post=16601"}],"curies":[{"name":"wp","href":"https:\/\/api.w.org\/{rel}","templated":true}]}}