{"id":16545,"date":"2025-11-07T18:25:40","date_gmt":"2025-11-07T17:25:40","guid":{"rendered":"https:\/\/www.ernstbrunn-apotheke.at\/katalog\/produkt\/melasan-astaxanthin-plus-omega-3-liquidkapseln-60-stk\/"},"modified":"2025-12-08T13:56:00","modified_gmt":"2025-12-08T12:56:00","slug":"melasan-astaxanthin-plus-omega-3-liquidkapseln-60-stk","status":"publish","type":"product","link":"https:\/\/www.ernstbrunn-apotheke.at\/katalog\/produkt\/melasan-astaxanthin-plus-omega-3-liquidkapseln-60-stk\/","title":{"rendered":"Melasan Astaxanthin Plus Omega 3 Liquidkapseln 60 Stk."},"content":{"rendered":"<p>Melasan Astaxanthin Plus Omega 3 Liquidkapseln 60 Stk. basieren auf hochwertigen Reinsubstanzen. Astaxanthin ist das nat\u00fcrliche Carotinoid aus der Mikroalge Haematococcus pluvialis mit hohem antioxidativen Potential. In Kombination mit den essentiellen Omega-3-Fetts\u00e4uren EPA (Eicosapentaens\u00e4ure) und DHA (Docosahexaens\u00e4ure) tr\u00e4gt es zum Schutz vor oxidativen Sch\u00e4den bei &#8211; alle Produkte von Melasan jetzt mit hohem Rabatt bestellen!<\/p>\n","protected":false},"excerpt":{"rendered":"<p>Melasan Astaxanthin Plus Omega 3 Liquidkapseln 60 Stk. basieren auf hochwertigen Reinsubstanzen. Astaxanthin ist das nat\u00fcrliche Carotinoid aus der Mikroalge Haematococcus pluvialis mit hohem antioxidativen Potential. In Kombination mit den essentiellen Omega-3-Fetts\u00e4uren EPA (Eicosapentaens\u00e4ure) und DHA (Docosahexaens\u00e4ure) tr\u00e4gt es zum Schutz vor oxidativen Sch\u00e4den bei &#8211; alle Produkte von Melasan jetzt mit hohem Rabatt bestellen!<\/p>\n","protected":false},"featured_media":16547,"template":"","meta":{"_acf_changed":false},"product_brand":[373],"product_cat":[800],"product_tag":[],"class_list":{"0":"post-16545","1":"product","2":"type-product","3":"status-publish","4":"has-post-thumbnail","6":"product_brand-melasan","7":"product_cat-m","8":"pa_packungsgroesse-60-stueck","10":"first","11":"instock","12":"shipping-taxable","13":"purchasable","14":"product-type-simple"},"acf":[],"_links":{"self":[{"href":"https:\/\/www.ernstbrunn-apotheke.at\/katalog\/wp-json\/wp\/v2\/product\/16545","targetHints":{"allow":["GET"]}}],"collection":[{"href":"https:\/\/www.ernstbrunn-apotheke.at\/katalog\/wp-json\/wp\/v2\/product"}],"about":[{"href":"https:\/\/www.ernstbrunn-apotheke.at\/katalog\/wp-json\/wp\/v2\/types\/product"}],"wp:featuredmedia":[{"embeddable":true,"href":"https:\/\/www.ernstbrunn-apotheke.at\/katalog\/wp-json\/wp\/v2\/media\/16547"}],"wp:attachment":[{"href":"https:\/\/www.ernstbrunn-apotheke.at\/katalog\/wp-json\/wp\/v2\/media?parent=16545"}],"wp:term":[{"taxonomy":"product_brand","embeddable":true,"href":"https:\/\/www.ernstbrunn-apotheke.at\/katalog\/wp-json\/wp\/v2\/product_brand?post=16545"},{"taxonomy":"product_cat","embeddable":true,"href":"https:\/\/www.ernstbrunn-apotheke.at\/katalog\/wp-json\/wp\/v2\/product_cat?post=16545"},{"taxonomy":"product_tag","embeddable":true,"href":"https:\/\/www.ernstbrunn-apotheke.at\/katalog\/wp-json\/wp\/v2\/product_tag?post=16545"}],"curies":[{"name":"wp","href":"https:\/\/api.w.org\/{rel}","templated":true}]}}