{"id":16443,"date":"2025-11-07T18:24:37","date_gmt":"2025-11-07T17:24:37","guid":{"rendered":"https:\/\/www.ernstbrunn-apotheke.at\/katalog\/produkt\/the-nutri-store-gruenlipp-muschel-konzentrat-kapseln-350-mg-250-stk\/"},"modified":"2025-12-08T13:55:28","modified_gmt":"2025-12-08T12:55:28","slug":"the-nutri-store-gruenlipp-muschel-konzentrat-kapseln-350-mg-250-stk","status":"publish","type":"product","link":"https:\/\/www.ernstbrunn-apotheke.at\/katalog\/produkt\/the-nutri-store-gruenlipp-muschel-konzentrat-kapseln-350-mg-250-stk\/","title":{"rendered":"The Nutri Store Gr\u00fcnlipp Muschel-Konzentrat Kapseln 350 mg 250 Stk."},"content":{"rendered":"<p>The Nutri Store Gr\u00fcnlipp Muschel-Konzentrat Kapseln 350 mg enthalten je 500 mg hochwertiges Gr\u00fcnlippmuschelkonzentrat mit einem hohen GAG-Anteil. Das verwendete Gr\u00fcnlippmuschel-Konzentrat ist ein schonend hergestelltes Qualit\u00e4tsprodukt. Es werden nur neuseel\u00e4ndische Gr\u00fcnlippmuscheln der Art Perna canaliculus verwendet. Die Muscheln werden in unbelasteten Gew\u00e4ssern vor Neuseelands S\u00fcdinsel unter nat\u00fcrlichen Bedingungen gez\u00fcchtet. Das Konzentrat wird durch schonende Gefriertrocknung des Gr\u00fcnlippmuschelfleisches (ohne Schalenanteile) gewonnen. Es ist nicht entfettet und enth\u00e4lt alle Bestandteile an wertvollen \u00d6len und Fetten in noch h\u00f6herer Konzerntration, wie sie im Muschelfleisch vorliegen.<\/p>\n","protected":false},"excerpt":{"rendered":"<p>The Nutri Store Gr\u00fcnlipp Muschel-Konzentrat Kapseln 350 mg enthalten je 500 mg hochwertiges Gr\u00fcnlippmuschelkonzentrat mit einem hohen GAG-Anteil. Das verwendete Gr\u00fcnlippmuschel-Konzentrat ist ein schonend hergestelltes Qualit\u00e4tsprodukt. Es werden nur neuseel\u00e4ndische Gr\u00fcnlippmuscheln der Art Perna canaliculus verwendet. Die Muscheln werden in unbelasteten Gew\u00e4ssern vor Neuseelands S\u00fcdinsel unter nat\u00fcrlichen Bedingungen gez\u00fcchtet. Das Konzentrat wird durch schonende Gefriertrocknung [&hellip;]<\/p>\n","protected":false},"featured_media":16445,"template":"","meta":{"_acf_changed":false},"product_brand":[],"product_cat":[798],"product_tag":[],"class_list":{"0":"post-16443","1":"product","2":"type-product","3":"status-publish","4":"has-post-thumbnail","6":"product_cat-t","7":"pa_packungsgroesse-250-stueck","9":"first","10":"instock","11":"shipping-taxable","12":"purchasable","13":"product-type-simple"},"acf":[],"_links":{"self":[{"href":"https:\/\/www.ernstbrunn-apotheke.at\/katalog\/wp-json\/wp\/v2\/product\/16443","targetHints":{"allow":["GET"]}}],"collection":[{"href":"https:\/\/www.ernstbrunn-apotheke.at\/katalog\/wp-json\/wp\/v2\/product"}],"about":[{"href":"https:\/\/www.ernstbrunn-apotheke.at\/katalog\/wp-json\/wp\/v2\/types\/product"}],"wp:featuredmedia":[{"embeddable":true,"href":"https:\/\/www.ernstbrunn-apotheke.at\/katalog\/wp-json\/wp\/v2\/media\/16445"}],"wp:attachment":[{"href":"https:\/\/www.ernstbrunn-apotheke.at\/katalog\/wp-json\/wp\/v2\/media?parent=16443"}],"wp:term":[{"taxonomy":"product_brand","embeddable":true,"href":"https:\/\/www.ernstbrunn-apotheke.at\/katalog\/wp-json\/wp\/v2\/product_brand?post=16443"},{"taxonomy":"product_cat","embeddable":true,"href":"https:\/\/www.ernstbrunn-apotheke.at\/katalog\/wp-json\/wp\/v2\/product_cat?post=16443"},{"taxonomy":"product_tag","embeddable":true,"href":"https:\/\/www.ernstbrunn-apotheke.at\/katalog\/wp-json\/wp\/v2\/product_tag?post=16443"}],"curies":[{"name":"wp","href":"https:\/\/api.w.org\/{rel}","templated":true}]}}