{"id":16436,"date":"2025-11-07T18:24:10","date_gmt":"2025-11-07T17:24:10","guid":{"rendered":"https:\/\/www.ernstbrunn-apotheke.at\/katalog\/produkt\/camu-camu-pulver\/"},"modified":"2025-12-08T13:55:25","modified_gmt":"2025-12-08T12:55:25","slug":"camu-camu-pulver","status":"publish","type":"product","link":"https:\/\/www.ernstbrunn-apotheke.at\/katalog\/produkt\/camu-camu-pulver\/","title":{"rendered":"Camu Camu Pulver"},"content":{"rendered":"<p>Gall Pharma Camu Camu Pulver wird aus Camu Camu, einem niedrigen Strauch des Amazonasgebietes in S\u00fcdamerika, hergestellt. Genutzt werden die runden, r\u00f6tlichen Fr\u00fcchte mit ihrem gelben Fruchtfleisch. Traditionell wird daraus ein Saft zubereitet. Die Fr\u00fcchte haben einen gro\u00dfen Gehalt an Vitamin C.<\/p>\n","protected":false},"excerpt":{"rendered":"<p>Gall Pharma Camu Camu Pulver wird aus Camu Camu, einem niedrigen Strauch des Amazonasgebietes in S\u00fcdamerika, hergestellt. Genutzt werden die runden, r\u00f6tlichen Fr\u00fcchte mit ihrem gelben Fruchtfleisch. Traditionell wird daraus ein Saft zubereitet. Die Fr\u00fcchte haben einen gro\u00dfen Gehalt an Vitamin C.<\/p>\n","protected":false},"featured_media":16438,"template":"","meta":{"_acf_changed":false},"product_brand":[371],"product_cat":[812],"product_tag":[],"class_list":{"0":"post-16436","1":"product","2":"type-product","3":"status-publish","4":"has-post-thumbnail","6":"product_brand-gall-pharma","7":"product_cat-c","8":"pa_packungsgroesse-100g","10":"first","11":"instock","12":"shipping-taxable","13":"purchasable","14":"product-type-simple"},"acf":[],"_links":{"self":[{"href":"https:\/\/www.ernstbrunn-apotheke.at\/katalog\/wp-json\/wp\/v2\/product\/16436","targetHints":{"allow":["GET"]}}],"collection":[{"href":"https:\/\/www.ernstbrunn-apotheke.at\/katalog\/wp-json\/wp\/v2\/product"}],"about":[{"href":"https:\/\/www.ernstbrunn-apotheke.at\/katalog\/wp-json\/wp\/v2\/types\/product"}],"wp:featuredmedia":[{"embeddable":true,"href":"https:\/\/www.ernstbrunn-apotheke.at\/katalog\/wp-json\/wp\/v2\/media\/16438"}],"wp:attachment":[{"href":"https:\/\/www.ernstbrunn-apotheke.at\/katalog\/wp-json\/wp\/v2\/media?parent=16436"}],"wp:term":[{"taxonomy":"product_brand","embeddable":true,"href":"https:\/\/www.ernstbrunn-apotheke.at\/katalog\/wp-json\/wp\/v2\/product_brand?post=16436"},{"taxonomy":"product_cat","embeddable":true,"href":"https:\/\/www.ernstbrunn-apotheke.at\/katalog\/wp-json\/wp\/v2\/product_cat?post=16436"},{"taxonomy":"product_tag","embeddable":true,"href":"https:\/\/www.ernstbrunn-apotheke.at\/katalog\/wp-json\/wp\/v2\/product_tag?post=16436"}],"curies":[{"name":"wp","href":"https:\/\/api.w.org\/{rel}","templated":true}]}}