{"id":16412,"date":"2025-11-07T18:24:10","date_gmt":"2025-11-07T17:24:10","guid":{"rendered":"https:\/\/www.ernstbrunn-apotheke.at\/katalog\/produkt\/schwarzkuemmel-oel-kapseln-aegypten-zein-180-stk\/"},"modified":"2025-12-08T13:55:17","modified_gmt":"2025-12-08T12:55:17","slug":"schwarzkuemmel-oel-kapseln-aegypten-zein-180-stk","status":"publish","type":"product","link":"https:\/\/www.ernstbrunn-apotheke.at\/katalog\/produkt\/schwarzkuemmel-oel-kapseln-aegypten-zein-180-stk\/","title":{"rendered":"Schwarzk\u00fcmmel \u00d6l Kapseln \u00c4gypten Zein 180 Stk."},"content":{"rendered":"<p>Herkunft und Verwendung<br \/>Schon seit Jahrhunderten wird der Schwarzk&uuml;mmel f&uuml;r seine positiven Eigenschaften gesch&auml;tzt. Bereits in den alten Schriften wird der Schwarzk&uuml;mmel aufgrund seiner zahlreichen Anwendungsm&ouml;glichkeiten angepriesen, so z.B. im Alten Testament. Besonders in der islamischen Welt hat der Schwarzk&uuml;mmel traditionell einen hohen Stellenwert. Nicht zuletzt deshalb, weil der Prophet Mohammed voll des Lobes f&uuml;r dieses unscheinbare Gew&auml;chs war.<\/p>\n<p>Wirkungsweise und Bedeutung von mehrfach unges&auml;ttigten Fetts&auml;uren<br \/>Heutzutage essen wir h&auml;ufig zu fett und einseitig. Doch Fett ist nicht immer schlecht. Ganz im Gegenteil. Es kommt darauf an, welches Fett wir zu uns f&uuml;hren. Bei einer einseitigen Ern&auml;hrung nehmen wir h&auml;ufig zu viele tierische Nahrungsmittel auf, welche einen hohen Anteil an ges&auml;ttigten Fetts&auml;uren aufweisen. Dadurch werden gesunde und hochwertige mehrfach unges&auml;ttigte Fetts&auml;uren, wie Linol- und Linolens&auml;ure verdr&auml;ngt.<br \/>Schwarzk&uuml;mmel&ouml;l Kapseln k&ouml;nnen dem entgegenwirken und eine gesunde Erg&auml;nzung zur t&auml;glichen Ern&auml;hrung darstellen. Schwarzk&uuml;mmel&ouml;l ist reich an hochwertigen lebensnotwendigen mehrfach unges&auml;ttigten Fetts&auml;uren (insb. Linols&auml;ure). Linols&auml;ure kann nicht vom K&ouml;rper selbst aufgebaut werden, weshalb es besonders wichtig ist diese in ausreichender Menge t&auml;glich zu sich zu nehmen.<br \/>Der K&ouml;rper ben&ouml;tigt die Fetts&auml;uren zum Aufbau der Zellmembranen, die den N&auml;hrstofftransport zum Inneren der K&ouml;rperzellen regulieren. Daher haben die Fetts&auml;uren auch einen blutfettregulierenden Effekt auf den Cholesterinspiegel.<\/p>\n<p>Was ist das Besondere an dem &Auml;gyptischen Schwarzk&uuml;mmel&ouml;l Kapseln von ZeinPharma&reg;?<br \/>Das &Ouml;l des Schwarzk&uuml;mmels wird aus den kleinen, schwarzen Samen gewonnen. Bei der Herstellung des &Auml;gyptischen Schwarzk&uuml;mmel&ouml;ls wird auf h&ouml;chste Qualit&auml;t geachtet. Wir verwenden ausschlie&szlig;lich nat&uuml;rliches kaltgepresstes &Ouml;l, welches ohne weitere W&auml;rmezufuhr nur durch Pressung sowie Filtration hergestellt wird. Durch diesen schonenden Herstellungsprozess bleiben alle wertvollen Inhaltsstoffe enthalten, was wiederum einen positiven Einfluss auf die Qualit&auml;tskriterien Geschmack, Geruch, Farbe und Vitamingehalt hat.<br \/>Durch die schonende Gewinnung erreicht das &Ouml;l einen besonders hohen Anteil an der lebensnotwendigen Fetts&auml;ure Linols&auml;ure (50%), welche eine Vielf&auml;ltige Aufgabe im menschlichen Organismus &uuml;bernimmt.<br \/>&nbsp;<br \/>Wie sollte ich die Kapseln von ZeinPharma&reg; am besten zu mir nehmen?<br \/>Verzehren Sie 2-mal t&auml;glich 3 Kapseln mit viel Wasser (300 ml) zu den Hauptmahlzeiten. Die angegebene empfohlene t&auml;gliche Verzehrmenge darf nicht &uuml;berschritten werden. Dieses Produkt ist kein Ersatz f&uuml;r eine ausgewogene und abwechslungsreiche Ern&auml;hung und gesunde Lebensweise. Au&szlig;erhalb der Reichweite von Kindern aufbewahren.<\/p>\n<p>Tipps und gemeinsame Einnahme von Vitamin E und C<br \/>Bei der Nahrungserg&auml;nzung Schwarzk&uuml;mmel&ouml;l sollte auf eine zus&auml;tzliche Einnahme von Vitamin E geachtet werden. Das fettl&ouml;sliche Vitamin, auch Tocopherol genannt, ist ein starkes Antioxidans und hat die Aufgabe die mehrfach unges&auml;ttigten Fetts&auml;uren vor Oxidationen zu sch&uuml;tzen. Da die mehrfach unges&auml;ttigten Fetts&auml;uren (Linols&auml;ure) gerne mit sch&auml;dlichem Sauerstoff reagieren, kommt es zur Bildung von freien Radikalen. Durch eine hohe Zufuhr an Vitamin E kann dies verhindert und die Zellen gesch&uuml;tzt werden. Auch das Vitamin C ist ein Antioxidans, welches wiederum das angegriffene Vitamin E Molek&uuml;l regenerieren kann, damit auch dieses wieder brauchbar gemacht werden kann.<br \/>Daher ist es sinnvoll bei einer einseitigen Ern&auml;hrung Schwarzk&uuml;mmel&ouml;l zusammen mit den beiden Antioxidantien Vitamin E und C zu erg&auml;nzen.<\/p>\n<h3>Anwendung:<\/h3>\n<p>2-mal t&auml;glich 3 Kapseln unzerkaut mit viel stillem Wasser verzehren.Wir empfehlen jeweils 3 Kapseln nach dem Fr&uuml;hst&uuml;ck und nach dem Mittagessen zu verzehren. Die angegebene empfohlene t&auml;gliche Verzehrmenge darf nicht &uuml;berschritten werden. Dieses Produkt ist kein Ersatz f&uuml;r eine ausgewogene und abwechslungsreiche Ern&auml;hrung und gesunde Lebensweise. Au&szlig;erhalb der Reichweite von Kindern aufbewahren.<\/p>\n<h3>Inhaltsstoffe:<\/h3>\n<p>6 Kapseln enthalten: 3000 mg &auml;gyptisches Schwarzk&uuml;mmel&ouml;l.<\/p>\n","protected":false},"excerpt":{"rendered":"<p>Herkunft und VerwendungSchon seit Jahrhunderten wird der Schwarzk&uuml;mmel f&uuml;r seine positiven Eigenschaften gesch&auml;tzt. Bereits in den alten Schriften wird der Schwarzk&uuml;mmel aufgrund seiner zahlreichen Anwendungsm&ouml;glichkeiten angepriesen, so z.B. im Alten Testament. Besonders in der islamischen Welt hat der Schwarzk&uuml;mmel traditionell einen hohen Stellenwert. Nicht zuletzt deshalb, weil der Prophet Mohammed voll des Lobes f&uuml;r dieses [&hellip;]<\/p>\n","protected":false},"featured_media":16414,"template":"","meta":{"_acf_changed":false},"product_brand":[],"product_cat":[791],"product_tag":[],"class_list":{"0":"post-16412","1":"product","2":"type-product","3":"status-publish","4":"has-post-thumbnail","6":"product_cat-s","7":"pa_packungsgroesse-180-stueck","9":"first","10":"instock","11":"shipping-taxable","12":"purchasable","13":"product-type-simple"},"acf":[],"_links":{"self":[{"href":"https:\/\/www.ernstbrunn-apotheke.at\/katalog\/wp-json\/wp\/v2\/product\/16412","targetHints":{"allow":["GET"]}}],"collection":[{"href":"https:\/\/www.ernstbrunn-apotheke.at\/katalog\/wp-json\/wp\/v2\/product"}],"about":[{"href":"https:\/\/www.ernstbrunn-apotheke.at\/katalog\/wp-json\/wp\/v2\/types\/product"}],"wp:featuredmedia":[{"embeddable":true,"href":"https:\/\/www.ernstbrunn-apotheke.at\/katalog\/wp-json\/wp\/v2\/media\/16414"}],"wp:attachment":[{"href":"https:\/\/www.ernstbrunn-apotheke.at\/katalog\/wp-json\/wp\/v2\/media?parent=16412"}],"wp:term":[{"taxonomy":"product_brand","embeddable":true,"href":"https:\/\/www.ernstbrunn-apotheke.at\/katalog\/wp-json\/wp\/v2\/product_brand?post=16412"},{"taxonomy":"product_cat","embeddable":true,"href":"https:\/\/www.ernstbrunn-apotheke.at\/katalog\/wp-json\/wp\/v2\/product_cat?post=16412"},{"taxonomy":"product_tag","embeddable":true,"href":"https:\/\/www.ernstbrunn-apotheke.at\/katalog\/wp-json\/wp\/v2\/product_tag?post=16412"}],"curies":[{"name":"wp","href":"https:\/\/api.w.org\/{rel}","templated":true}]}}