{"id":16402,"date":"2025-11-07T18:23:19","date_gmt":"2025-11-07T17:23:19","guid":{"rendered":"https:\/\/www.ernstbrunn-apotheke.at\/katalog\/produkt\/selenium-spezial-ace-tabletten\/"},"modified":"2025-12-08T13:55:13","modified_gmt":"2025-12-08T12:55:13","slug":"selenium-spezial-ace-tabletten","status":"publish","type":"product","link":"https:\/\/www.ernstbrunn-apotheke.at\/katalog\/produkt\/selenium-spezial-ace-tabletten\/","title":{"rendered":"Selenium Spezial ACE Tabletten"},"content":{"rendered":"<p>Gall Pharma Selen Selenium ACE spezial Tabletten sind eine optimale Nahrungserg\u00e4nzung zur Unterst\u00fctzung der k\u00f6rpereigenen Abwehrkr\u00e4fte. Der Inhalt einer Tablette deckt den Tagesbedarf. Selen ist ein essentielles Spurenelement. In Selenium Spezial A-C-E Tabletten ist das Selen in Hefe inkorporiert.<\/p>\n","protected":false},"excerpt":{"rendered":"<p>Gall Pharma Selen Selenium ACE spezial Tabletten sind eine optimale Nahrungserg\u00e4nzung zur Unterst\u00fctzung der k\u00f6rpereigenen Abwehrkr\u00e4fte. Der Inhalt einer Tablette deckt den Tagesbedarf. Selen ist ein essentielles Spurenelement. In Selenium Spezial A-C-E Tabletten ist das Selen in Hefe inkorporiert.<\/p>\n","protected":false},"featured_media":16404,"template":"","meta":{"_acf_changed":false},"product_brand":[371],"product_cat":[791],"product_tag":[],"class_list":{"0":"post-16402","1":"product","2":"type-product","3":"status-publish","4":"has-post-thumbnail","6":"product_brand-gall-pharma","7":"product_cat-s","8":"pa_packungsgroesse-90-stueck","10":"first","11":"instock","12":"shipping-taxable","13":"purchasable","14":"product-type-simple"},"acf":[],"_links":{"self":[{"href":"https:\/\/www.ernstbrunn-apotheke.at\/katalog\/wp-json\/wp\/v2\/product\/16402","targetHints":{"allow":["GET"]}}],"collection":[{"href":"https:\/\/www.ernstbrunn-apotheke.at\/katalog\/wp-json\/wp\/v2\/product"}],"about":[{"href":"https:\/\/www.ernstbrunn-apotheke.at\/katalog\/wp-json\/wp\/v2\/types\/product"}],"wp:featuredmedia":[{"embeddable":true,"href":"https:\/\/www.ernstbrunn-apotheke.at\/katalog\/wp-json\/wp\/v2\/media\/16404"}],"wp:attachment":[{"href":"https:\/\/www.ernstbrunn-apotheke.at\/katalog\/wp-json\/wp\/v2\/media?parent=16402"}],"wp:term":[{"taxonomy":"product_brand","embeddable":true,"href":"https:\/\/www.ernstbrunn-apotheke.at\/katalog\/wp-json\/wp\/v2\/product_brand?post=16402"},{"taxonomy":"product_cat","embeddable":true,"href":"https:\/\/www.ernstbrunn-apotheke.at\/katalog\/wp-json\/wp\/v2\/product_cat?post=16402"},{"taxonomy":"product_tag","embeddable":true,"href":"https:\/\/www.ernstbrunn-apotheke.at\/katalog\/wp-json\/wp\/v2\/product_tag?post=16402"}],"curies":[{"name":"wp","href":"https:\/\/api.w.org\/{rel}","templated":true}]}}