{"id":16347,"date":"2025-11-07T18:22:18","date_gmt":"2025-11-07T17:22:18","guid":{"rendered":"https:\/\/www.ernstbrunn-apotheke.at\/katalog\/produkt\/dr-ehrenberger-granatapfel-extrakt-kapseln-bio-60-stk\/"},"modified":"2025-12-08T13:54:58","modified_gmt":"2025-12-08T12:54:58","slug":"dr-ehrenberger-granatapfel-extrakt-kapseln-bio-60-stk","status":"publish","type":"product","link":"https:\/\/www.ernstbrunn-apotheke.at\/katalog\/produkt\/dr-ehrenberger-granatapfel-extrakt-kapseln-bio-60-stk\/","title":{"rendered":"Dr. Ehrenberger Granatapfel Extrakt Kapseln BIO 60 Stk."},"content":{"rendered":"<p>Dr. Ehrenberger Granatapfel Extrakt Kapseln BIO enth\u00e4lt Phytohormone f\u00fcr Sie und Ihn. Die Hormone wirkt regulierend auf den Hormonspiegel. Das Produkt ist 100% nat\u00fcrlichen Ursprungs.<\/p>\n","protected":false},"excerpt":{"rendered":"<p>Dr. Ehrenberger Granatapfel Extrakt Kapseln BIO enth\u00e4lt Phytohormone f\u00fcr Sie und Ihn. Die Hormone wirkt regulierend auf den Hormonspiegel. Das Produkt ist 100% nat\u00fcrlichen Ursprungs.<\/p>\n","protected":false},"featured_media":16349,"template":"","meta":{"_acf_changed":false},"product_brand":[509],"product_cat":[792],"product_tag":[],"class_list":{"0":"post-16347","1":"product","2":"type-product","3":"status-publish","4":"has-post-thumbnail","6":"product_brand-dr-ehrenberger","7":"product_cat-d","8":"pa_packungsgroesse-60-stueck","10":"first","11":"instock","12":"shipping-taxable","13":"purchasable","14":"product-type-simple"},"acf":[],"_links":{"self":[{"href":"https:\/\/www.ernstbrunn-apotheke.at\/katalog\/wp-json\/wp\/v2\/product\/16347","targetHints":{"allow":["GET"]}}],"collection":[{"href":"https:\/\/www.ernstbrunn-apotheke.at\/katalog\/wp-json\/wp\/v2\/product"}],"about":[{"href":"https:\/\/www.ernstbrunn-apotheke.at\/katalog\/wp-json\/wp\/v2\/types\/product"}],"wp:featuredmedia":[{"embeddable":true,"href":"https:\/\/www.ernstbrunn-apotheke.at\/katalog\/wp-json\/wp\/v2\/media\/16349"}],"wp:attachment":[{"href":"https:\/\/www.ernstbrunn-apotheke.at\/katalog\/wp-json\/wp\/v2\/media?parent=16347"}],"wp:term":[{"taxonomy":"product_brand","embeddable":true,"href":"https:\/\/www.ernstbrunn-apotheke.at\/katalog\/wp-json\/wp\/v2\/product_brand?post=16347"},{"taxonomy":"product_cat","embeddable":true,"href":"https:\/\/www.ernstbrunn-apotheke.at\/katalog\/wp-json\/wp\/v2\/product_cat?post=16347"},{"taxonomy":"product_tag","embeddable":true,"href":"https:\/\/www.ernstbrunn-apotheke.at\/katalog\/wp-json\/wp\/v2\/product_tag?post=16347"}],"curies":[{"name":"wp","href":"https:\/\/api.w.org\/{rel}","templated":true}]}}