{"id":162422,"date":"2025-12-10T08:35:36","date_gmt":"2025-12-10T07:35:36","guid":{"rendered":"https:\/\/www.ernstbrunn-apotheke.at\/katalog\/?post_type=product&#038;p=162422"},"modified":"2025-12-10T08:35:37","modified_gmt":"2025-12-10T07:35:37","slug":"helfe-mitizyncreme-40-ml","status":"publish","type":"product","link":"https:\/\/www.ernstbrunn-apotheke.at\/katalog\/produkt\/helfe-mitizyncreme-40-ml\/","title":{"rendered":"HELFE Mitizyncreme 40 ml"},"content":{"rendered":"<p>Die HELFE Mitizyn Creme enth\u00e4lt milde, aus Pflanzen stammende Wirkstoffe wie Menthol und Kampfer sowie einen Mix pflanzlicher, hautverwandter \u00d6le und Fette. Diese werden ohne Zusatz von Emulgatoren gemischt. Sie wird als Nachtcreme, bei trockener Haut und nach dem Rasieren verwendet. Sie wirkt k\u00fchlend und beruhigend bei sonnenger\u00f6teter Haut und nach Insektenstichen. Bei offenen Mundwinkeln und f\u00fcr die ger\u00f6tete Nase bei Erk\u00e4ltungskrankheiten ist sie eine Wohltat. Seit nun \u00fcber 90 Jahren sch\u00e4tzen unsere Kunden ihre zahlreichen Verwendungsm\u00f6glichkeiten.<\/p>\n<p>&#13;<\/p>\n<p><strong>Wirkung:<\/strong><\/p>\n<p>&#13;<\/p>\n<ul>&#13;<\/p>\n<li>K\u00fchlend<\/li>\n<p>&#13;<\/p>\n<li>Pflegend\u00a0<\/li>\n<p>&#13;\n<\/ul>\n","protected":false},"excerpt":{"rendered":"<p>Die HELFE Mitizyn Creme enth\u00e4lt milde, aus Pflanzen stammende Wirkstoffe wie Menthol und Kampfer sowie einen Mix pflanzlicher, hautverwandter \u00d6le und Fette. Diese werden ohne Zusatz von Emulgatoren gemischt. Sie wird als Nachtcreme, bei trockener Haut und nach dem Rasieren verwendet. Sie wirkt k\u00fchlend und beruhigend bei sonnenger\u00f6teter Haut und nach Insektenstichen. Bei offenen Mundwinkeln [&hellip;]<\/p>\n","protected":false},"featured_media":0,"template":"","meta":{"_acf_changed":false},"product_brand":[655],"product_cat":[805],"product_tag":[],"class_list":{"0":"post-162422","1":"product","2":"type-product","3":"status-publish","5":"product_brand-helfe","6":"product_cat-h","7":"pa_packungsgroesse-40ml","9":"first","10":"instock","11":"shipping-taxable","12":"purchasable","13":"product-type-simple"},"acf":[],"_links":{"self":[{"href":"https:\/\/www.ernstbrunn-apotheke.at\/katalog\/wp-json\/wp\/v2\/product\/162422","targetHints":{"allow":["GET"]}}],"collection":[{"href":"https:\/\/www.ernstbrunn-apotheke.at\/katalog\/wp-json\/wp\/v2\/product"}],"about":[{"href":"https:\/\/www.ernstbrunn-apotheke.at\/katalog\/wp-json\/wp\/v2\/types\/product"}],"wp:attachment":[{"href":"https:\/\/www.ernstbrunn-apotheke.at\/katalog\/wp-json\/wp\/v2\/media?parent=162422"}],"wp:term":[{"taxonomy":"product_brand","embeddable":true,"href":"https:\/\/www.ernstbrunn-apotheke.at\/katalog\/wp-json\/wp\/v2\/product_brand?post=162422"},{"taxonomy":"product_cat","embeddable":true,"href":"https:\/\/www.ernstbrunn-apotheke.at\/katalog\/wp-json\/wp\/v2\/product_cat?post=162422"},{"taxonomy":"product_tag","embeddable":true,"href":"https:\/\/www.ernstbrunn-apotheke.at\/katalog\/wp-json\/wp\/v2\/product_tag?post=162422"}],"curies":[{"name":"wp","href":"https:\/\/api.w.org\/{rel}","templated":true}]}}