{"id":162372,"date":"2025-12-10T08:06:25","date_gmt":"2025-12-10T07:06:25","guid":{"rendered":"https:\/\/www.ernstbrunn-apotheke.at\/katalog\/produkt\/menopearl-28-stk-tabletten\/"},"modified":"2025-12-10T08:06:28","modified_gmt":"2025-12-10T07:06:28","slug":"menopearl-28-stk-tabletten","status":"publish","type":"product","link":"https:\/\/www.ernstbrunn-apotheke.at\/katalog\/produkt\/menopearl-28-stk-tabletten\/","title":{"rendered":"Menopearl 28 Stk. Tabletten"},"content":{"rendered":"<p>Menopearl Tabletten wurden eigens entwickelt, um die Frau bereits ab den ersten Anzeichen der Menopause zu unterst\u00fctzen. Menopearl ist ihr Wegbegleiter von der Pr\u00e4- bis zur Postmenopause. Die einzigartige Kombination in Menopearl aus MF11RCE-Isoflavonen und Hyalurons\u00e4ure eignet sich f\u00fcr alle Frauen in den Wechseljahren \u2013 jetzt online stark preisreduziert bestellen!<\/p>\n","protected":false},"excerpt":{"rendered":"<p>Menopearl Tabletten wurden eigens entwickelt, um die Frau bereits ab den ersten Anzeichen der Menopause zu unterst\u00fctzen. Menopearl ist ihr Wegbegleiter von der Pr\u00e4- bis zur Postmenopause. Die einzigartige Kombination in Menopearl aus MF11RCE-Isoflavonen und Hyalurons\u00e4ure eignet sich f\u00fcr alle Frauen in den Wechseljahren \u2013 jetzt online stark preisreduziert bestellen!<\/p>\n","protected":false},"featured_media":162374,"template":"","meta":{"_acf_changed":false},"product_brand":[],"product_cat":[800],"product_tag":[],"class_list":{"0":"post-162372","1":"product","2":"type-product","3":"status-publish","4":"has-post-thumbnail","6":"product_cat-m","7":"pa_packungsgroesse-28-stueck","9":"first","10":"instock","11":"shipping-taxable","12":"purchasable","13":"product-type-simple"},"acf":[],"_links":{"self":[{"href":"https:\/\/www.ernstbrunn-apotheke.at\/katalog\/wp-json\/wp\/v2\/product\/162372","targetHints":{"allow":["GET"]}}],"collection":[{"href":"https:\/\/www.ernstbrunn-apotheke.at\/katalog\/wp-json\/wp\/v2\/product"}],"about":[{"href":"https:\/\/www.ernstbrunn-apotheke.at\/katalog\/wp-json\/wp\/v2\/types\/product"}],"wp:featuredmedia":[{"embeddable":true,"href":"https:\/\/www.ernstbrunn-apotheke.at\/katalog\/wp-json\/wp\/v2\/media\/162374"}],"wp:attachment":[{"href":"https:\/\/www.ernstbrunn-apotheke.at\/katalog\/wp-json\/wp\/v2\/media?parent=162372"}],"wp:term":[{"taxonomy":"product_brand","embeddable":true,"href":"https:\/\/www.ernstbrunn-apotheke.at\/katalog\/wp-json\/wp\/v2\/product_brand?post=162372"},{"taxonomy":"product_cat","embeddable":true,"href":"https:\/\/www.ernstbrunn-apotheke.at\/katalog\/wp-json\/wp\/v2\/product_cat?post=162372"},{"taxonomy":"product_tag","embeddable":true,"href":"https:\/\/www.ernstbrunn-apotheke.at\/katalog\/wp-json\/wp\/v2\/product_tag?post=162372"}],"curies":[{"name":"wp","href":"https:\/\/api.w.org\/{rel}","templated":true}]}}