{"id":162369,"date":"2025-12-10T07:55:35","date_gmt":"2025-12-10T06:55:35","guid":{"rendered":"https:\/\/www.ernstbrunn-apotheke.at\/katalog\/produkt\/dr-schreibers-schlafen-statt-schwitzen-kapseln-30-stk\/"},"modified":"2025-12-10T07:55:50","modified_gmt":"2025-12-10T06:55:50","slug":"dr-schreibers-schlafen-statt-schwitzen-kapseln-30-stk","status":"publish","type":"product","link":"https:\/\/www.ernstbrunn-apotheke.at\/katalog\/produkt\/dr-schreibers-schlafen-statt-schwitzen-kapseln-30-stk\/","title":{"rendered":"Dr. Schreibers Schlafen statt Schwitzen Kapseln 30 Stk."},"content":{"rendered":"<p>Dr. Schreibers Schlafen statt Schwitzen bietet nat\u00fcrliche Unterst\u00fctzung gegen Schlafst\u00f6rungen auf Grund von n\u00e4chtlichem Schwitzen! Die hochwertige Kombination an nat\u00fcrlichen und pflanzlichen Inhaltsstoffen hemmt die Schwei\u00dfbildung und verbessert die Schlafqualit\u00e4t<\/p>\n","protected":false},"excerpt":{"rendered":"<p>Dr. Schreibers Schlafen statt Schwitzen bietet nat\u00fcrliche Unterst\u00fctzung gegen Schlafst\u00f6rungen auf Grund von n\u00e4chtlichem Schwitzen! Die hochwertige Kombination an nat\u00fcrlichen und pflanzlichen Inhaltsstoffen hemmt die Schwei\u00dfbildung und verbessert die Schlafqualit\u00e4t<\/p>\n","protected":false},"featured_media":162371,"template":"","meta":{"_acf_changed":false},"product_brand":[380],"product_cat":[792],"product_tag":[],"class_list":{"0":"post-162369","1":"product","2":"type-product","3":"status-publish","4":"has-post-thumbnail","6":"product_brand-dr-schreibers","7":"product_cat-d","8":"pa_packungsgroesse-30-stueck","10":"first","11":"instock","12":"shipping-taxable","13":"purchasable","14":"product-type-simple"},"acf":[],"_links":{"self":[{"href":"https:\/\/www.ernstbrunn-apotheke.at\/katalog\/wp-json\/wp\/v2\/product\/162369","targetHints":{"allow":["GET"]}}],"collection":[{"href":"https:\/\/www.ernstbrunn-apotheke.at\/katalog\/wp-json\/wp\/v2\/product"}],"about":[{"href":"https:\/\/www.ernstbrunn-apotheke.at\/katalog\/wp-json\/wp\/v2\/types\/product"}],"wp:featuredmedia":[{"embeddable":true,"href":"https:\/\/www.ernstbrunn-apotheke.at\/katalog\/wp-json\/wp\/v2\/media\/162371"}],"wp:attachment":[{"href":"https:\/\/www.ernstbrunn-apotheke.at\/katalog\/wp-json\/wp\/v2\/media?parent=162369"}],"wp:term":[{"taxonomy":"product_brand","embeddable":true,"href":"https:\/\/www.ernstbrunn-apotheke.at\/katalog\/wp-json\/wp\/v2\/product_brand?post=162369"},{"taxonomy":"product_cat","embeddable":true,"href":"https:\/\/www.ernstbrunn-apotheke.at\/katalog\/wp-json\/wp\/v2\/product_cat?post=162369"},{"taxonomy":"product_tag","embeddable":true,"href":"https:\/\/www.ernstbrunn-apotheke.at\/katalog\/wp-json\/wp\/v2\/product_tag?post=162369"}],"curies":[{"name":"wp","href":"https:\/\/api.w.org\/{rel}","templated":true}]}}