{"id":162366,"date":"2025-12-10T07:55:35","date_gmt":"2025-12-10T06:55:35","guid":{"rendered":"https:\/\/www.ernstbrunn-apotheke.at\/katalog\/produkt\/dr-schreibers-wechseljahre-forte-kapseln-30-stk\/"},"modified":"2025-12-10T07:55:39","modified_gmt":"2025-12-10T06:55:39","slug":"dr-schreibers-wechseljahre-forte-kapseln-30-stk","status":"publish","type":"product","link":"https:\/\/www.ernstbrunn-apotheke.at\/katalog\/produkt\/dr-schreibers-wechseljahre-forte-kapseln-30-stk\/","title":{"rendered":"Dr. Schreibers Wechseljahre Forte Kapseln 30 Stk."},"content":{"rendered":"<p>Dr. Schreibers Wechseljahre Forte ist ein Nahrungserg\u00e4nzungsmittel mit einer Kombination aus Rotklee, Diosgenin aus der Yamswurzel und dem Vitamin B-Komplex zur nat\u00fcrlichen Unterst\u00fctzung f\u00fcr Ausgeglichenheit und Wohlbefinden in den Wechseljahren durch die Ausbalancierung von Hormonschwankungen. Die Kapseln nehmen positiven Einfluss auf die Regulierung der Hormont\u00e4tigkeit, besonders was die Hormone Progesteron und \u00d6strogen betrifft, und auf eine normale Funktion der Psyche. Zus\u00e4tzlich sind die Pr\u00e4parate frei von Gluten, Laktose und Farb- und Konservierungsstoffen und auch f\u00fcr DiabetikerInnen und VegetarierInnen geeignet.<\/p>\n","protected":false},"excerpt":{"rendered":"<p>Dr. Schreibers Wechseljahre Forte ist ein Nahrungserg\u00e4nzungsmittel mit einer Kombination aus Rotklee, Diosgenin aus der Yamswurzel und dem Vitamin B-Komplex zur nat\u00fcrlichen Unterst\u00fctzung f\u00fcr Ausgeglichenheit und Wohlbefinden in den Wechseljahren durch die Ausbalancierung von Hormonschwankungen. Die Kapseln nehmen positiven Einfluss auf die Regulierung der Hormont\u00e4tigkeit, besonders was die Hormone Progesteron und \u00d6strogen betrifft, und auf [&hellip;]<\/p>\n","protected":false},"featured_media":162368,"template":"","meta":{"_acf_changed":false},"product_brand":[380],"product_cat":[792],"product_tag":[],"class_list":{"0":"post-162366","1":"product","2":"type-product","3":"status-publish","4":"has-post-thumbnail","6":"product_brand-dr-schreibers","7":"product_cat-d","8":"pa_packungsgroesse-30-stueck","10":"first","11":"instock","12":"shipping-taxable","13":"purchasable","14":"product-type-simple"},"acf":[],"_links":{"self":[{"href":"https:\/\/www.ernstbrunn-apotheke.at\/katalog\/wp-json\/wp\/v2\/product\/162366","targetHints":{"allow":["GET"]}}],"collection":[{"href":"https:\/\/www.ernstbrunn-apotheke.at\/katalog\/wp-json\/wp\/v2\/product"}],"about":[{"href":"https:\/\/www.ernstbrunn-apotheke.at\/katalog\/wp-json\/wp\/v2\/types\/product"}],"wp:featuredmedia":[{"embeddable":true,"href":"https:\/\/www.ernstbrunn-apotheke.at\/katalog\/wp-json\/wp\/v2\/media\/162368"}],"wp:attachment":[{"href":"https:\/\/www.ernstbrunn-apotheke.at\/katalog\/wp-json\/wp\/v2\/media?parent=162366"}],"wp:term":[{"taxonomy":"product_brand","embeddable":true,"href":"https:\/\/www.ernstbrunn-apotheke.at\/katalog\/wp-json\/wp\/v2\/product_brand?post=162366"},{"taxonomy":"product_cat","embeddable":true,"href":"https:\/\/www.ernstbrunn-apotheke.at\/katalog\/wp-json\/wp\/v2\/product_cat?post=162366"},{"taxonomy":"product_tag","embeddable":true,"href":"https:\/\/www.ernstbrunn-apotheke.at\/katalog\/wp-json\/wp\/v2\/product_tag?post=162366"}],"curies":[{"name":"wp","href":"https:\/\/api.w.org\/{rel}","templated":true}]}}