{"id":16227,"date":"2025-11-07T18:21:21","date_gmt":"2025-11-07T17:21:21","guid":{"rendered":"https:\/\/www.ernstbrunn-apotheke.at\/katalog\/produkt\/grapefruit-bio-extrakt-life-seed-800-75-ml\/"},"modified":"2025-12-08T13:54:32","modified_gmt":"2025-12-08T12:54:32","slug":"grapefruit-bio-extrakt-life-seed-800-75-ml","status":"publish","type":"product","link":"https:\/\/www.ernstbrunn-apotheke.at\/katalog\/produkt\/grapefruit-bio-extrakt-life-seed-800-75-ml\/","title":{"rendered":"Grapefruit Bio Extrakt Life Seed 800 75 ml"},"content":{"rendered":"<p>Grapefruit Bio Extrakt Life Light ist ein hochwertiger Pflanzenextrakt aus den Kernen der Grapefruit, einer subtropischen Citruspflanze aus der Familie der Rautengew\u00e4chse. \u00c4u\u00dferlich angewendet hilft das Mittel bei Hautunreinheiten, Ekzemen, Schuppenflechte, Herpes, Fu\u00df- bzw. Nagelpilz, Nagelbettentz\u00fcndung, Warzen, H\u00fchneraugen und Wunden sowie zur Desinfektion und gegen Schimmelpilzbefall.<\/p>\n","protected":false},"excerpt":{"rendered":"<p>Grapefruit Bio Extrakt Life Light ist ein hochwertiger Pflanzenextrakt aus den Kernen der Grapefruit, einer subtropischen Citruspflanze aus der Familie der Rautengew\u00e4chse. \u00c4u\u00dferlich angewendet hilft das Mittel bei Hautunreinheiten, Ekzemen, Schuppenflechte, Herpes, Fu\u00df- bzw. Nagelpilz, Nagelbettentz\u00fcndung, Warzen, H\u00fchneraugen und Wunden sowie zur Desinfektion und gegen Schimmelpilzbefall.<\/p>\n","protected":false},"featured_media":16229,"template":"","meta":{"_acf_changed":false},"product_brand":[],"product_cat":[810],"product_tag":[],"class_list":{"0":"post-16227","1":"product","2":"type-product","3":"status-publish","4":"has-post-thumbnail","6":"product_cat-g","7":"pa_packungsgroesse-75ml","9":"first","10":"instock","11":"shipping-taxable","12":"purchasable","13":"product-type-simple"},"acf":[],"_links":{"self":[{"href":"https:\/\/www.ernstbrunn-apotheke.at\/katalog\/wp-json\/wp\/v2\/product\/16227","targetHints":{"allow":["GET"]}}],"collection":[{"href":"https:\/\/www.ernstbrunn-apotheke.at\/katalog\/wp-json\/wp\/v2\/product"}],"about":[{"href":"https:\/\/www.ernstbrunn-apotheke.at\/katalog\/wp-json\/wp\/v2\/types\/product"}],"wp:featuredmedia":[{"embeddable":true,"href":"https:\/\/www.ernstbrunn-apotheke.at\/katalog\/wp-json\/wp\/v2\/media\/16229"}],"wp:attachment":[{"href":"https:\/\/www.ernstbrunn-apotheke.at\/katalog\/wp-json\/wp\/v2\/media?parent=16227"}],"wp:term":[{"taxonomy":"product_brand","embeddable":true,"href":"https:\/\/www.ernstbrunn-apotheke.at\/katalog\/wp-json\/wp\/v2\/product_brand?post=16227"},{"taxonomy":"product_cat","embeddable":true,"href":"https:\/\/www.ernstbrunn-apotheke.at\/katalog\/wp-json\/wp\/v2\/product_cat?post=16227"},{"taxonomy":"product_tag","embeddable":true,"href":"https:\/\/www.ernstbrunn-apotheke.at\/katalog\/wp-json\/wp\/v2\/product_tag?post=16227"}],"curies":[{"name":"wp","href":"https:\/\/api.w.org\/{rel}","templated":true}]}}