{"id":162262,"date":"2025-12-09T19:15:48","date_gmt":"2025-12-09T18:15:48","guid":{"rendered":"https:\/\/www.ernstbrunn-apotheke.at\/katalog\/produkt\/betadona-wund-gel-30-g\/"},"modified":"2025-12-09T19:16:05","modified_gmt":"2025-12-09T18:16:05","slug":"betadona-wund-gel-30-g","status":"publish","type":"product","link":"https:\/\/www.ernstbrunn-apotheke.at\/katalog\/produkt\/betadona-wund-gel-30-g\/","title":{"rendered":"Betadona Wund-Gel 30 g"},"content":{"rendered":"<p>Betadona Wund-Gel erm\u00f6glicht eine zuverl\u00e4ssige Wunddesinfektion, verhindert weitgehend Eiterbildung und beg\u00fcnstigt eine rasche, problemlose Heilung. Das Gel eignet sich nur Behandlung von Verbrennungen, Schnitt- und Sch\u00fcrfwunden, Druck- und Unterschenkelgeschw\u00fcren (Dekubitus, varik\u00f6se Ulcera) sowie infizierten und superinfizierten Hauterkrankungen.<\/p>\n","protected":false},"excerpt":{"rendered":"<p>Betadona Wund-Gel erm\u00f6glicht eine zuverl\u00e4ssige Wunddesinfektion, verhindert weitgehend Eiterbildung und beg\u00fcnstigt eine rasche, problemlose Heilung. Das Gel eignet sich nur Behandlung von Verbrennungen, Schnitt- und Sch\u00fcrfwunden, Druck- und Unterschenkelgeschw\u00fcren (Dekubitus, varik\u00f6se Ulcera) sowie infizierten und superinfizierten Hauterkrankungen.<\/p>\n","protected":false},"featured_media":162264,"template":"","meta":{"_acf_changed":false},"product_brand":[],"product_cat":[802],"product_tag":[],"class_list":{"0":"post-162262","1":"product","2":"type-product","3":"status-publish","4":"has-post-thumbnail","6":"product_cat-b","7":"pa_packungsgroesse-30g","9":"first","10":"instock","11":"shipping-taxable","12":"purchasable","13":"product-type-simple"},"acf":[],"_links":{"self":[{"href":"https:\/\/www.ernstbrunn-apotheke.at\/katalog\/wp-json\/wp\/v2\/product\/162262","targetHints":{"allow":["GET"]}}],"collection":[{"href":"https:\/\/www.ernstbrunn-apotheke.at\/katalog\/wp-json\/wp\/v2\/product"}],"about":[{"href":"https:\/\/www.ernstbrunn-apotheke.at\/katalog\/wp-json\/wp\/v2\/types\/product"}],"wp:featuredmedia":[{"embeddable":true,"href":"https:\/\/www.ernstbrunn-apotheke.at\/katalog\/wp-json\/wp\/v2\/media\/162264"}],"wp:attachment":[{"href":"https:\/\/www.ernstbrunn-apotheke.at\/katalog\/wp-json\/wp\/v2\/media?parent=162262"}],"wp:term":[{"taxonomy":"product_brand","embeddable":true,"href":"https:\/\/www.ernstbrunn-apotheke.at\/katalog\/wp-json\/wp\/v2\/product_brand?post=162262"},{"taxonomy":"product_cat","embeddable":true,"href":"https:\/\/www.ernstbrunn-apotheke.at\/katalog\/wp-json\/wp\/v2\/product_cat?post=162262"},{"taxonomy":"product_tag","embeddable":true,"href":"https:\/\/www.ernstbrunn-apotheke.at\/katalog\/wp-json\/wp\/v2\/product_tag?post=162262"}],"curies":[{"name":"wp","href":"https:\/\/api.w.org\/{rel}","templated":true}]}}