{"id":162258,"date":"2025-12-09T19:15:48","date_gmt":"2025-12-09T18:15:48","guid":{"rendered":"https:\/\/www.ernstbrunn-apotheke.at\/katalog\/produkt\/balneum-plus-lotion-500-ml\/"},"modified":"2025-12-09T19:15:53","modified_gmt":"2025-12-09T18:15:53","slug":"balneum-plus-lotion-500-ml","status":"publish","type":"product","link":"https:\/\/www.ernstbrunn-apotheke.at\/katalog\/produkt\/balneum-plus-lotion-500-ml\/","title":{"rendered":"Balneum Plus Lotion 500 ml"},"content":{"rendered":"<p>Balneum Plus Lotion ist f\u00fcr die gro\u00dffl\u00e4chige Anwendung am ganzen K\u00f6rper geeignet. Sie ist intensiv r\u00fcckfettend und feuchtigkeitsspendend und unterst\u00fctzt zudem nachweislich die nat\u00fcrliche Regeneration trockener Haut. Die Lotion enth\u00e4lt die in der Haut vorkommenden Wirkstoffe Urea, Ceramide und physiologische Lipide. Sie zeichnet sich auch durch die hohe Hautvertr\u00e4glichkeit aus<\/p>\n","protected":false},"excerpt":{"rendered":"<p>Balneum Plus Lotion ist f\u00fcr die gro\u00dffl\u00e4chige Anwendung am ganzen K\u00f6rper geeignet. Sie ist intensiv r\u00fcckfettend und feuchtigkeitsspendend und unterst\u00fctzt zudem nachweislich die nat\u00fcrliche Regeneration trockener Haut. Die Lotion enth\u00e4lt die in der Haut vorkommenden Wirkstoffe Urea, Ceramide und physiologische Lipide. Sie zeichnet sich auch durch die hohe Hautvertr\u00e4glichkeit aus<\/p>\n","protected":false},"featured_media":162260,"template":"","meta":{"_acf_changed":false},"product_brand":[],"product_cat":[802],"product_tag":[],"class_list":{"0":"post-162258","1":"product","2":"type-product","3":"status-publish","4":"has-post-thumbnail","6":"product_cat-b","7":"pa_packungsgroesse-500ml","9":"first","10":"instock","11":"shipping-taxable","12":"purchasable","13":"product-type-simple"},"acf":[],"_links":{"self":[{"href":"https:\/\/www.ernstbrunn-apotheke.at\/katalog\/wp-json\/wp\/v2\/product\/162258","targetHints":{"allow":["GET"]}}],"collection":[{"href":"https:\/\/www.ernstbrunn-apotheke.at\/katalog\/wp-json\/wp\/v2\/product"}],"about":[{"href":"https:\/\/www.ernstbrunn-apotheke.at\/katalog\/wp-json\/wp\/v2\/types\/product"}],"wp:featuredmedia":[{"embeddable":true,"href":"https:\/\/www.ernstbrunn-apotheke.at\/katalog\/wp-json\/wp\/v2\/media\/162260"}],"wp:attachment":[{"href":"https:\/\/www.ernstbrunn-apotheke.at\/katalog\/wp-json\/wp\/v2\/media?parent=162258"}],"wp:term":[{"taxonomy":"product_brand","embeddable":true,"href":"https:\/\/www.ernstbrunn-apotheke.at\/katalog\/wp-json\/wp\/v2\/product_brand?post=162258"},{"taxonomy":"product_cat","embeddable":true,"href":"https:\/\/www.ernstbrunn-apotheke.at\/katalog\/wp-json\/wp\/v2\/product_cat?post=162258"},{"taxonomy":"product_tag","embeddable":true,"href":"https:\/\/www.ernstbrunn-apotheke.at\/katalog\/wp-json\/wp\/v2\/product_tag?post=162258"}],"curies":[{"name":"wp","href":"https:\/\/api.w.org\/{rel}","templated":true}]}}