{"id":162220,"date":"2025-12-09T15:40:16","date_gmt":"2025-12-09T14:40:16","guid":{"rendered":"https:\/\/www.ernstbrunn-apotheke.at\/katalog\/produkt\/humal-gelenksbad-37-g-7-stk\/"},"modified":"2025-12-09T15:40:34","modified_gmt":"2025-12-09T14:40:34","slug":"humal-gelenksbad-37-g-7-stk","status":"publish","type":"product","link":"https:\/\/www.ernstbrunn-apotheke.at\/katalog\/produkt\/humal-gelenksbad-37-g-7-stk\/","title":{"rendered":"Humal Gelenksbad 37 g 7 Stk."},"content":{"rendered":"<p>Ein Gelenksbad mit Humal ist wohltuend bei Verspannungen und Hexenschuss und\u00a0wirkt regenerierend auf Muskel und Gelenke.<\/p>\n<p>&#13;<\/p>\n<p>Humins\u00e4uren werden traditionell in der Badetherapie angewendet, wobei die Dosierung des Gelenksbades auf die Verwendung als Vollbad abgestimmt ist. Wollen Sie nur f\u00fcr einen K\u00f6rperteil &#8211; zum Beispiel Arm oder Bein behandeln, so ist das Gelenksteilbad die richtige Wahl.\u00a0<\/p>\n<p>&#13;<\/p>\n<p>\u00a0<\/p>\n<p>&#13;<\/p>\n<p><strong>Wirkung<\/strong><\/p>\n<p>&#13;<\/p>\n<p>Die im Humal Gelenksbad enthaltenen Wirkstoffe Humins\u00e4ure und Salicyls\u00e4ure f\u00f6rdern die lokale Durchblutung, wodurch muskul\u00e4re Verspannungen und Schmerzen g\u00fcnstig beeinflusst werden k\u00f6nnen.<\/p>\n<p>&#13;<\/p>\n<p>Seit Jahrzehnten bew\u00e4hrt, war Humal fr\u00fcher als Arzneimittel erh\u00e4ltlich &#8211; aufgrund regulatorischer Anforderungen ist es nicht mehr m\u00f6glich, Humins\u00e4ure in Arzneimittelqualit\u00e4t zu erhalten und daher kann auch die Produktion nicht mehr als Arzneimittel erfolgen.<\/p>\n<p>&#13;<\/p>\n<p>Die Rezeptur ist aber unver\u00e4ndert geblieben, und so wirkt unser Humal Gelenksbad genauso wie fr\u00fcher.<\/p>\n","protected":false},"excerpt":{"rendered":"<p>Ein Gelenksbad mit Humal ist wohltuend bei Verspannungen und Hexenschuss und\u00a0wirkt regenerierend auf Muskel und Gelenke. &#13; Humins\u00e4uren werden traditionell in der Badetherapie angewendet, wobei die Dosierung des Gelenksbades auf die Verwendung als Vollbad abgestimmt ist. Wollen Sie nur f\u00fcr einen K\u00f6rperteil &#8211; zum Beispiel Arm oder Bein behandeln, so ist das Gelenksteilbad die richtige [&hellip;]<\/p>\n","protected":false},"featured_media":162222,"template":"","meta":{"_acf_changed":false},"product_brand":[],"product_cat":[805],"product_tag":[],"class_list":{"0":"post-162220","1":"product","2":"type-product","3":"status-publish","4":"has-post-thumbnail","6":"product_cat-h","7":"pa_packungsgroesse-7-beutel","9":"first","10":"instock","11":"shipping-taxable","12":"purchasable","13":"product-type-simple"},"acf":[],"_links":{"self":[{"href":"https:\/\/www.ernstbrunn-apotheke.at\/katalog\/wp-json\/wp\/v2\/product\/162220","targetHints":{"allow":["GET"]}}],"collection":[{"href":"https:\/\/www.ernstbrunn-apotheke.at\/katalog\/wp-json\/wp\/v2\/product"}],"about":[{"href":"https:\/\/www.ernstbrunn-apotheke.at\/katalog\/wp-json\/wp\/v2\/types\/product"}],"wp:featuredmedia":[{"embeddable":true,"href":"https:\/\/www.ernstbrunn-apotheke.at\/katalog\/wp-json\/wp\/v2\/media\/162222"}],"wp:attachment":[{"href":"https:\/\/www.ernstbrunn-apotheke.at\/katalog\/wp-json\/wp\/v2\/media?parent=162220"}],"wp:term":[{"taxonomy":"product_brand","embeddable":true,"href":"https:\/\/www.ernstbrunn-apotheke.at\/katalog\/wp-json\/wp\/v2\/product_brand?post=162220"},{"taxonomy":"product_cat","embeddable":true,"href":"https:\/\/www.ernstbrunn-apotheke.at\/katalog\/wp-json\/wp\/v2\/product_cat?post=162220"},{"taxonomy":"product_tag","embeddable":true,"href":"https:\/\/www.ernstbrunn-apotheke.at\/katalog\/wp-json\/wp\/v2\/product_tag?post=162220"}],"curies":[{"name":"wp","href":"https:\/\/api.w.org\/{rel}","templated":true}]}}