{"id":162179,"date":"2025-12-09T15:24:45","date_gmt":"2025-12-09T14:24:45","guid":{"rendered":"https:\/\/www.ernstbrunn-apotheke.at\/katalog\/produkt\/bi-oil-200-ml\/"},"modified":"2025-12-09T15:24:53","modified_gmt":"2025-12-09T14:24:53","slug":"bi-oil-200-ml","status":"publish","type":"product","link":"https:\/\/www.ernstbrunn-apotheke.at\/katalog\/produkt\/bi-oil-200-ml\/","title":{"rendered":"Bi-oil 200 ml"},"content":{"rendered":"<p>BI-OIL\u00ae ist ein spezielles Hautpflegeprodukt, entwickelt um das Erscheinungsbild von Narben, Dehnungsstreifen und ungleichm\u00e4\u00dfiger Hautt\u00f6nung zu verbessern. Es eignet sich dar\u00fcber hinaus zur Anwendung bei reifer und trockener Haut.<\/p>\n","protected":false},"excerpt":{"rendered":"<p>BI-OIL\u00ae ist ein spezielles Hautpflegeprodukt, entwickelt um das Erscheinungsbild von Narben, Dehnungsstreifen und ungleichm\u00e4\u00dfiger Hautt\u00f6nung zu verbessern. Es eignet sich dar\u00fcber hinaus zur Anwendung bei reifer und trockener Haut.<\/p>\n","protected":false},"featured_media":162181,"template":"","meta":{"_acf_changed":false},"product_brand":[],"product_cat":[802],"product_tag":[],"class_list":{"0":"post-162179","1":"product","2":"type-product","3":"status-publish","4":"has-post-thumbnail","6":"product_cat-b","7":"pa_packungsgroesse-200ml","9":"first","10":"instock","11":"shipping-taxable","12":"purchasable","13":"product-type-simple"},"acf":[],"_links":{"self":[{"href":"https:\/\/www.ernstbrunn-apotheke.at\/katalog\/wp-json\/wp\/v2\/product\/162179","targetHints":{"allow":["GET"]}}],"collection":[{"href":"https:\/\/www.ernstbrunn-apotheke.at\/katalog\/wp-json\/wp\/v2\/product"}],"about":[{"href":"https:\/\/www.ernstbrunn-apotheke.at\/katalog\/wp-json\/wp\/v2\/types\/product"}],"wp:featuredmedia":[{"embeddable":true,"href":"https:\/\/www.ernstbrunn-apotheke.at\/katalog\/wp-json\/wp\/v2\/media\/162181"}],"wp:attachment":[{"href":"https:\/\/www.ernstbrunn-apotheke.at\/katalog\/wp-json\/wp\/v2\/media?parent=162179"}],"wp:term":[{"taxonomy":"product_brand","embeddable":true,"href":"https:\/\/www.ernstbrunn-apotheke.at\/katalog\/wp-json\/wp\/v2\/product_brand?post=162179"},{"taxonomy":"product_cat","embeddable":true,"href":"https:\/\/www.ernstbrunn-apotheke.at\/katalog\/wp-json\/wp\/v2\/product_cat?post=162179"},{"taxonomy":"product_tag","embeddable":true,"href":"https:\/\/www.ernstbrunn-apotheke.at\/katalog\/wp-json\/wp\/v2\/product_tag?post=162179"}],"curies":[{"name":"wp","href":"https:\/\/api.w.org\/{rel}","templated":true}]}}