{"id":162144,"date":"2025-12-09T15:19:41","date_gmt":"2025-12-09T14:19:41","guid":{"rendered":"https:\/\/www.ernstbrunn-apotheke.at\/katalog\/produkt\/a-vogel-menosan-salvia-tabletten-30-stk\/"},"modified":"2025-12-09T15:20:08","modified_gmt":"2025-12-09T14:20:08","slug":"a-vogel-menosan-salvia-tabletten-30-stk","status":"publish","type":"product","link":"https:\/\/www.ernstbrunn-apotheke.at\/katalog\/produkt\/a-vogel-menosan-salvia-tabletten-30-stk\/","title":{"rendered":"A.Vogel Menosan Salvia Tabletten 30 Stk."},"content":{"rendered":"<p>A.Vogel Menosan\u00ae Salvia Tabletten 30 Stk. wird bei \u00fcberm\u00e4ssigem Schwitzen und W\u00e4rmegef\u00fchl in den Wechseljahren angewendet. Das Frischpflanzen-Pr\u00e4parat Menosan Salvia wird aus frischen Salbeibl\u00e4ttern hergestellt und hilft traditionsgem\u00e4\u00df bei aufsteigendem W\u00e4rmegef\u00fchl, \u00fcberm\u00e4ssigem Schwitzen und n\u00e4chtlichen Schwei\u00dfausbr\u00fcchen &#8211; dieses und weitere rezeptfreie Medikamente jetzt online bestellen: in \u00d6sterreichs sympathischer Versand-Apotheke!<\/p>\n","protected":false},"excerpt":{"rendered":"<p>A.Vogel Menosan\u00ae Salvia Tabletten 30 Stk. wird bei \u00fcberm\u00e4ssigem Schwitzen und W\u00e4rmegef\u00fchl in den Wechseljahren angewendet. Das Frischpflanzen-Pr\u00e4parat Menosan Salvia wird aus frischen Salbeibl\u00e4ttern hergestellt und hilft traditionsgem\u00e4\u00df bei aufsteigendem W\u00e4rmegef\u00fchl, \u00fcberm\u00e4ssigem Schwitzen und n\u00e4chtlichen Schwei\u00dfausbr\u00fcchen &#8211; dieses und weitere rezeptfreie Medikamente jetzt online bestellen: in \u00d6sterreichs sympathischer Versand-Apotheke!<\/p>\n","protected":false},"featured_media":162146,"template":"","meta":{"_acf_changed":false},"product_brand":[],"product_cat":[801],"product_tag":[],"class_list":{"0":"post-162144","1":"product","2":"type-product","3":"status-publish","4":"has-post-thumbnail","6":"product_cat-a","7":"pa_farbe-weiss","8":"pa_packungsgroesse-30-stueck","10":"first","11":"instock","12":"shipping-taxable","13":"purchasable","14":"product-type-simple"},"acf":[],"_links":{"self":[{"href":"https:\/\/www.ernstbrunn-apotheke.at\/katalog\/wp-json\/wp\/v2\/product\/162144","targetHints":{"allow":["GET"]}}],"collection":[{"href":"https:\/\/www.ernstbrunn-apotheke.at\/katalog\/wp-json\/wp\/v2\/product"}],"about":[{"href":"https:\/\/www.ernstbrunn-apotheke.at\/katalog\/wp-json\/wp\/v2\/types\/product"}],"wp:featuredmedia":[{"embeddable":true,"href":"https:\/\/www.ernstbrunn-apotheke.at\/katalog\/wp-json\/wp\/v2\/media\/162146"}],"wp:attachment":[{"href":"https:\/\/www.ernstbrunn-apotheke.at\/katalog\/wp-json\/wp\/v2\/media?parent=162144"}],"wp:term":[{"taxonomy":"product_brand","embeddable":true,"href":"https:\/\/www.ernstbrunn-apotheke.at\/katalog\/wp-json\/wp\/v2\/product_brand?post=162144"},{"taxonomy":"product_cat","embeddable":true,"href":"https:\/\/www.ernstbrunn-apotheke.at\/katalog\/wp-json\/wp\/v2\/product_cat?post=162144"},{"taxonomy":"product_tag","embeddable":true,"href":"https:\/\/www.ernstbrunn-apotheke.at\/katalog\/wp-json\/wp\/v2\/product_tag?post=162144"}],"curies":[{"name":"wp","href":"https:\/\/api.w.org\/{rel}","templated":true}]}}