{"id":162134,"date":"2025-12-09T15:19:41","date_gmt":"2025-12-09T14:19:41","guid":{"rendered":"https:\/\/www.ernstbrunn-apotheke.at\/katalog\/produkt\/lysivir-direkt-kautabletten\/"},"modified":"2025-12-09T15:19:52","modified_gmt":"2025-12-09T14:19:52","slug":"lysivir-direkt-kautabletten","status":"publish","type":"product","link":"https:\/\/www.ernstbrunn-apotheke.at\/katalog\/produkt\/lysivir-direkt-kautabletten\/","title":{"rendered":"Lysivir direkt Kautabletten"},"content":{"rendered":"<p>LYSIVIR\u00aedirekt ist die innovative Therapie zur effektiven Behandlung von Lippenherpes mit der Fieberblasen direkt von Innen behandelt werden. LYSIVIR\u00aedirekt wirkt mit dem einzigartigen 3-fach Komplex direkt von Innen dem Lippenherpes entgegen. Hochdosiertes L-Lysin gilt als nat\u00fcrlicher Virusgegner gegen Lippenherpes.L-Lysin wirkt dem Herpes-Virus \u2013 der f\u00fcr Fieberblasen verantwortlich ist \u2013 entgegen. L-Lysin reduziert nachweislich die H\u00e4ufigkeit, die Dauer und die St\u00e4rke der Symptome. Zusammen mit Melisse (bekannt f\u00fcr die antivirale Wirkung) und Selen (trocknet Lippenbl\u00e4schen aus) bildet L-Lysin den in LYSIVIR\u00aedirekt enthaltenen Herpes-Komplex.Der rechtzeitige Therapiebeginn ist f\u00fcr den Erfolg entscheidend! LYSIVIR\u00aedirekt sollte daher bereits bei ersten Anzeichen von Fieberblasen (Kribbeln, Jucken bzw. Spannungsgef\u00fchl) angewendet werden. Bei immer wiederkehrenden Fieberblasen wird eine l\u00e4ngerfristige Einnahme empfohlen.Der Vorteil der innovativen Darreichungsform der Kautablette besteht darin, dass die Inhaltsstoffe direkt \u00fcber die Mundschleimhaut aufgenommen werden..<\/p>\n","protected":false},"excerpt":{"rendered":"<p>LYSIVIR\u00aedirekt ist die innovative Therapie zur effektiven Behandlung von Lippenherpes mit der Fieberblasen direkt von Innen behandelt werden. LYSIVIR\u00aedirekt wirkt mit dem einzigartigen 3-fach Komplex direkt von Innen dem Lippenherpes entgegen. Hochdosiertes L-Lysin gilt als nat\u00fcrlicher Virusgegner gegen Lippenherpes.L-Lysin wirkt dem Herpes-Virus \u2013 der f\u00fcr Fieberblasen verantwortlich ist \u2013 entgegen. L-Lysin reduziert nachweislich die H\u00e4ufigkeit, [&hellip;]<\/p>\n","protected":false},"featured_media":162136,"template":"","meta":{"_acf_changed":false},"product_brand":[],"product_cat":[795],"product_tag":[],"class_list":{"0":"post-162134","1":"product","2":"type-product","3":"status-publish","4":"has-post-thumbnail","6":"product_cat-l","7":"pa_geschmack-limette-minze","8":"pa_packungsgroesse-15-stueck","10":"first","11":"instock","12":"shipping-taxable","13":"purchasable","14":"product-type-simple"},"acf":[],"_links":{"self":[{"href":"https:\/\/www.ernstbrunn-apotheke.at\/katalog\/wp-json\/wp\/v2\/product\/162134","targetHints":{"allow":["GET"]}}],"collection":[{"href":"https:\/\/www.ernstbrunn-apotheke.at\/katalog\/wp-json\/wp\/v2\/product"}],"about":[{"href":"https:\/\/www.ernstbrunn-apotheke.at\/katalog\/wp-json\/wp\/v2\/types\/product"}],"wp:featuredmedia":[{"embeddable":true,"href":"https:\/\/www.ernstbrunn-apotheke.at\/katalog\/wp-json\/wp\/v2\/media\/162136"}],"wp:attachment":[{"href":"https:\/\/www.ernstbrunn-apotheke.at\/katalog\/wp-json\/wp\/v2\/media?parent=162134"}],"wp:term":[{"taxonomy":"product_brand","embeddable":true,"href":"https:\/\/www.ernstbrunn-apotheke.at\/katalog\/wp-json\/wp\/v2\/product_brand?post=162134"},{"taxonomy":"product_cat","embeddable":true,"href":"https:\/\/www.ernstbrunn-apotheke.at\/katalog\/wp-json\/wp\/v2\/product_cat?post=162134"},{"taxonomy":"product_tag","embeddable":true,"href":"https:\/\/www.ernstbrunn-apotheke.at\/katalog\/wp-json\/wp\/v2\/product_tag?post=162134"}],"curies":[{"name":"wp","href":"https:\/\/api.w.org\/{rel}","templated":true}]}}