{"id":162124,"date":"2025-12-09T15:15:02","date_gmt":"2025-12-09T14:15:02","guid":{"rendered":"https:\/\/www.ernstbrunn-apotheke.at\/katalog\/produkt\/eralysin-30x3g-beutel-1-pkg\/"},"modified":"2025-12-09T15:15:26","modified_gmt":"2025-12-09T14:15:26","slug":"eralysin-30x3g-beutel-1-pkg","status":"publish","type":"product","link":"https:\/\/www.ernstbrunn-apotheke.at\/katalog\/produkt\/eralysin-30x3g-beutel-1-pkg\/","title":{"rendered":"Eralysin 30x3g Beutel 1 Pkg."},"content":{"rendered":"<p>Eralysin Beutel ist ein innovatives Produkt, das zur di\u00e4tetischen Behandlung von Fieberblasen entwickelt wurde. Eralysin kann im Rahmen einer l\u00e4ngerfristigen Anwendung zur Reduktion der Fieberblasenausbr\u00fcche eingesetzt werden, oder zur di\u00e4tetischen Behandlung eines akuten Fieberblasenschubs nur \u00fcber wenige Tage angewendet werden.<\/p>\n","protected":false},"excerpt":{"rendered":"<p>Eralysin Beutel ist ein innovatives Produkt, das zur di\u00e4tetischen Behandlung von Fieberblasen entwickelt wurde. Eralysin kann im Rahmen einer l\u00e4ngerfristigen Anwendung zur Reduktion der Fieberblasenausbr\u00fcche eingesetzt werden, oder zur di\u00e4tetischen Behandlung eines akuten Fieberblasenschubs nur \u00fcber wenige Tage angewendet werden.<\/p>\n","protected":false},"featured_media":162126,"template":"","meta":{"_acf_changed":false},"product_brand":[],"product_cat":[794],"product_tag":[],"class_list":{"0":"post-162124","1":"product","2":"type-product","3":"status-publish","4":"has-post-thumbnail","6":"product_cat-e","7":"pa_packungsgroesse-30-beutel","9":"first","10":"instock","11":"shipping-taxable","12":"purchasable","13":"product-type-simple"},"acf":[],"_links":{"self":[{"href":"https:\/\/www.ernstbrunn-apotheke.at\/katalog\/wp-json\/wp\/v2\/product\/162124","targetHints":{"allow":["GET"]}}],"collection":[{"href":"https:\/\/www.ernstbrunn-apotheke.at\/katalog\/wp-json\/wp\/v2\/product"}],"about":[{"href":"https:\/\/www.ernstbrunn-apotheke.at\/katalog\/wp-json\/wp\/v2\/types\/product"}],"wp:featuredmedia":[{"embeddable":true,"href":"https:\/\/www.ernstbrunn-apotheke.at\/katalog\/wp-json\/wp\/v2\/media\/162126"}],"wp:attachment":[{"href":"https:\/\/www.ernstbrunn-apotheke.at\/katalog\/wp-json\/wp\/v2\/media?parent=162124"}],"wp:term":[{"taxonomy":"product_brand","embeddable":true,"href":"https:\/\/www.ernstbrunn-apotheke.at\/katalog\/wp-json\/wp\/v2\/product_brand?post=162124"},{"taxonomy":"product_cat","embeddable":true,"href":"https:\/\/www.ernstbrunn-apotheke.at\/katalog\/wp-json\/wp\/v2\/product_cat?post=162124"},{"taxonomy":"product_tag","embeddable":true,"href":"https:\/\/www.ernstbrunn-apotheke.at\/katalog\/wp-json\/wp\/v2\/product_tag?post=162124"}],"curies":[{"name":"wp","href":"https:\/\/api.w.org\/{rel}","templated":true}]}}