{"id":162114,"date":"2025-12-09T15:14:39","date_gmt":"2025-12-09T14:14:39","guid":{"rendered":"https:\/\/www.ernstbrunn-apotheke.at\/katalog\/produkt\/apofit-nachtkerzen-oel-20-ml\/"},"modified":"2025-12-09T15:15:03","modified_gmt":"2025-12-09T14:15:03","slug":"apofit-nachtkerzen-oel-20-ml","status":"publish","type":"product","link":"https:\/\/www.ernstbrunn-apotheke.at\/katalog\/produkt\/apofit-nachtkerzen-oel-20-ml\/","title":{"rendered":"Apofit Nachtkerzen \u00d6l 20 ml"},"content":{"rendered":"<p>Apofit Nachtkerzen \u00d6l kann \u00e4u\u00dferlich angewendet werden, indem es direkt auf die Haut oder entz\u00fcndete Gelenke aufgetragen wird. Auch f\u00fcr die Anwendung von innen zur Linderung von divesrer Entz\u00fcndungskrankheiten eignet sich das \u00d6l ideal. Auf f\u00fcr Tiere bestens geeignet.<\/p>\n","protected":false},"excerpt":{"rendered":"<p>Apofit Nachtkerzen \u00d6l kann \u00e4u\u00dferlich angewendet werden, indem es direkt auf die Haut oder entz\u00fcndete Gelenke aufgetragen wird. Auch f\u00fcr die Anwendung von innen zur Linderung von divesrer Entz\u00fcndungskrankheiten eignet sich das \u00d6l ideal. Auf f\u00fcr Tiere bestens geeignet.<\/p>\n","protected":false},"featured_media":162116,"template":"","meta":{"_acf_changed":false},"product_brand":[584],"product_cat":[801],"product_tag":[],"class_list":{"0":"post-162114","1":"product","2":"type-product","3":"status-publish","4":"has-post-thumbnail","6":"product_brand-apofit","7":"product_cat-a","8":"pa_packungsgroesse-20ml","10":"first","11":"instock","12":"shipping-taxable","13":"purchasable","14":"product-type-simple"},"acf":[],"_links":{"self":[{"href":"https:\/\/www.ernstbrunn-apotheke.at\/katalog\/wp-json\/wp\/v2\/product\/162114","targetHints":{"allow":["GET"]}}],"collection":[{"href":"https:\/\/www.ernstbrunn-apotheke.at\/katalog\/wp-json\/wp\/v2\/product"}],"about":[{"href":"https:\/\/www.ernstbrunn-apotheke.at\/katalog\/wp-json\/wp\/v2\/types\/product"}],"wp:featuredmedia":[{"embeddable":true,"href":"https:\/\/www.ernstbrunn-apotheke.at\/katalog\/wp-json\/wp\/v2\/media\/162116"}],"wp:attachment":[{"href":"https:\/\/www.ernstbrunn-apotheke.at\/katalog\/wp-json\/wp\/v2\/media?parent=162114"}],"wp:term":[{"taxonomy":"product_brand","embeddable":true,"href":"https:\/\/www.ernstbrunn-apotheke.at\/katalog\/wp-json\/wp\/v2\/product_brand?post=162114"},{"taxonomy":"product_cat","embeddable":true,"href":"https:\/\/www.ernstbrunn-apotheke.at\/katalog\/wp-json\/wp\/v2\/product_cat?post=162114"},{"taxonomy":"product_tag","embeddable":true,"href":"https:\/\/www.ernstbrunn-apotheke.at\/katalog\/wp-json\/wp\/v2\/product_tag?post=162114"}],"curies":[{"name":"wp","href":"https:\/\/api.w.org\/{rel}","templated":true}]}}