{"id":162061,"date":"2025-12-09T15:07:40","date_gmt":"2025-12-09T14:07:40","guid":{"rendered":"https:\/\/www.ernstbrunn-apotheke.at\/katalog\/produkt\/kolloidale-silberloesung-250-ml-1-ppm-mag\/"},"modified":"2025-12-09T15:07:52","modified_gmt":"2025-12-09T14:07:52","slug":"kolloidale-silberloesung-250-ml-1-ppm-mag","status":"publish","type":"product","link":"https:\/\/www.ernstbrunn-apotheke.at\/katalog\/produkt\/kolloidale-silberloesung-250-ml-1-ppm-mag\/","title":{"rendered":"Kolloidale Silberl\u00f6sung 250 ml 1 ppm Mag"},"content":{"rendered":"<p>Kolloidale Silberl\u00f6sung ist eine homogene L\u00f6sung aus feinsten Silber-Partikeln in purifiziertem Wasser. Silber ist als Biozid geeignet Trinkwasser l\u00e4nger haltbar zu machen.  Auf Grund seines oligodynamischen Effektes wirkt es gegen Mikroorganismen, Bakterien, Viren und Pilze.<\/p>\n","protected":false},"excerpt":{"rendered":"<p>Kolloidale Silberl\u00f6sung ist eine homogene L\u00f6sung aus feinsten Silber-Partikeln in purifiziertem Wasser. Silber ist als Biozid geeignet Trinkwasser l\u00e4nger haltbar zu machen. Auf Grund seines oligodynamischen Effektes wirkt es gegen Mikroorganismen, Bakterien, Viren und Pilze.<\/p>\n","protected":false},"featured_media":162063,"template":"","meta":{"_acf_changed":false},"product_brand":[],"product_cat":[807],"product_tag":[],"class_list":{"0":"post-162061","1":"product","2":"type-product","3":"status-publish","4":"has-post-thumbnail","6":"product_cat-k","7":"pa_packungsgroesse-250ml","9":"first","10":"instock","11":"shipping-taxable","12":"purchasable","13":"product-type-simple"},"acf":[],"_links":{"self":[{"href":"https:\/\/www.ernstbrunn-apotheke.at\/katalog\/wp-json\/wp\/v2\/product\/162061","targetHints":{"allow":["GET"]}}],"collection":[{"href":"https:\/\/www.ernstbrunn-apotheke.at\/katalog\/wp-json\/wp\/v2\/product"}],"about":[{"href":"https:\/\/www.ernstbrunn-apotheke.at\/katalog\/wp-json\/wp\/v2\/types\/product"}],"wp:featuredmedia":[{"embeddable":true,"href":"https:\/\/www.ernstbrunn-apotheke.at\/katalog\/wp-json\/wp\/v2\/media\/162063"}],"wp:attachment":[{"href":"https:\/\/www.ernstbrunn-apotheke.at\/katalog\/wp-json\/wp\/v2\/media?parent=162061"}],"wp:term":[{"taxonomy":"product_brand","embeddable":true,"href":"https:\/\/www.ernstbrunn-apotheke.at\/katalog\/wp-json\/wp\/v2\/product_brand?post=162061"},{"taxonomy":"product_cat","embeddable":true,"href":"https:\/\/www.ernstbrunn-apotheke.at\/katalog\/wp-json\/wp\/v2\/product_cat?post=162061"},{"taxonomy":"product_tag","embeddable":true,"href":"https:\/\/www.ernstbrunn-apotheke.at\/katalog\/wp-json\/wp\/v2\/product_tag?post=162061"}],"curies":[{"name":"wp","href":"https:\/\/api.w.org\/{rel}","templated":true}]}}