{"id":16205,"date":"2025-11-07T18:20:42","date_gmt":"2025-11-07T17:20:42","guid":{"rendered":"https:\/\/www.ernstbrunn-apotheke.at\/katalog\/produkt\/canea-brokkoli-kapseln-60-stk\/"},"modified":"2025-12-08T13:54:23","modified_gmt":"2025-12-08T12:54:23","slug":"canea-brokkoli-kapseln-60-stk","status":"publish","type":"product","link":"https:\/\/www.ernstbrunn-apotheke.at\/katalog\/produkt\/canea-brokkoli-kapseln-60-stk\/","title":{"rendered":"Canea Brokkoli Kapseln 60 Stk."},"content":{"rendered":"<p>Canea Brokkoli Kapseln sind ein Nahrungserg\u00e4nzungsmittel mit ern\u00e4hrungsphysiologisch wertvollen sekund\u00e4ren Pflanzenstoffen von Brokkoli und Gr\u00fcnkohl. Brokkoli sind bekannt als guter Sulforaphan-Lieferant. Sulforaphan empfiehlt sich als Pr\u00e4ventivma\u00dfnahme, um fit zu bleiben und Krankheiten wie etwa Arthritis und Atemwegserkrankungen vorzubeugen  jetzt versandkostenfrei* bestellen!<\/p>\n","protected":false},"excerpt":{"rendered":"<p>Canea Brokkoli Kapseln sind ein Nahrungserg\u00e4nzungsmittel mit ern\u00e4hrungsphysiologisch wertvollen sekund\u00e4ren Pflanzenstoffen von Brokkoli und Gr\u00fcnkohl. Brokkoli sind bekannt als guter Sulforaphan-Lieferant. Sulforaphan empfiehlt sich als Pr\u00e4ventivma\u00dfnahme, um fit zu bleiben und Krankheiten wie etwa Arthritis und Atemwegserkrankungen vorzubeugen jetzt versandkostenfrei* bestellen!<\/p>\n","protected":false},"featured_media":16207,"template":"","meta":{"_acf_changed":false},"product_brand":[],"product_cat":[812],"product_tag":[],"class_list":{"0":"post-16205","1":"product","2":"type-product","3":"status-publish","4":"has-post-thumbnail","6":"product_cat-c","7":"pa_packungsgroesse-60-stueck","9":"first","10":"instock","11":"shipping-taxable","12":"purchasable","13":"product-type-simple"},"acf":[],"_links":{"self":[{"href":"https:\/\/www.ernstbrunn-apotheke.at\/katalog\/wp-json\/wp\/v2\/product\/16205","targetHints":{"allow":["GET"]}}],"collection":[{"href":"https:\/\/www.ernstbrunn-apotheke.at\/katalog\/wp-json\/wp\/v2\/product"}],"about":[{"href":"https:\/\/www.ernstbrunn-apotheke.at\/katalog\/wp-json\/wp\/v2\/types\/product"}],"wp:featuredmedia":[{"embeddable":true,"href":"https:\/\/www.ernstbrunn-apotheke.at\/katalog\/wp-json\/wp\/v2\/media\/16207"}],"wp:attachment":[{"href":"https:\/\/www.ernstbrunn-apotheke.at\/katalog\/wp-json\/wp\/v2\/media?parent=16205"}],"wp:term":[{"taxonomy":"product_brand","embeddable":true,"href":"https:\/\/www.ernstbrunn-apotheke.at\/katalog\/wp-json\/wp\/v2\/product_brand?post=16205"},{"taxonomy":"product_cat","embeddable":true,"href":"https:\/\/www.ernstbrunn-apotheke.at\/katalog\/wp-json\/wp\/v2\/product_cat?post=16205"},{"taxonomy":"product_tag","embeddable":true,"href":"https:\/\/www.ernstbrunn-apotheke.at\/katalog\/wp-json\/wp\/v2\/product_tag?post=16205"}],"curies":[{"name":"wp","href":"https:\/\/api.w.org\/{rel}","templated":true}]}}