{"id":162037,"date":"2025-12-09T14:49:40","date_gmt":"2025-12-09T13:49:40","guid":{"rendered":"https:\/\/www.ernstbrunn-apotheke.at\/katalog\/produkt\/poxclin-cool-mousse-100-ml\/"},"modified":"2025-12-09T14:49:51","modified_gmt":"2025-12-09T13:49:51","slug":"poxclin-cool-mousse-100-ml","status":"publish","type":"product","link":"https:\/\/www.ernstbrunn-apotheke.at\/katalog\/produkt\/poxclin-cool-mousse-100-ml\/","title":{"rendered":"PoxClin Cool Mousse 100 ml"},"content":{"rendered":"<p>PoxClin enth\u00e4lt 2QR, einen bioaktiven Bakterienhemmer. Dieser mindert das Risiko einer bakteriellen Entz\u00fcndung, indem er sch\u00e4dliche Bakterien abblockt.Es handelt sich dabei um ein Polysaccharid, das von der Pflanze Aloe barbadensis stammt. 2QR blockiert Bakterien, indem er eine Barriere zwischen dem Bakterium und der Haut bildet. Die Bakterien k\u00f6nnen das Gewebe nicht mehr befallen.Das Risiko f\u00fcr Entz\u00fcndungen verringert sich und der nat\u00fcrliche Heilungsprozess der Haut wird gef\u00f6rdert. Verhinderung der NarbenbildungDie Wirksamkeit kann dabei durch wiederholtes Auftragen des Schaums positiv beeinflusst werden. Der Schaum lindert den Juckreiz und sch\u00fctzt die Haut. Dadurch kratzt sich Ihr Kind seltener, und bakterielle Entz\u00fcndungen treten weniger h\u00e4ufig auf. Den Schaum vor jedem Kleidungswechsel des Kindes und immer dann auftragen, wenn eine Linderung n\u00f6tig ist.Der Schaumspender von PoxClin enth\u00e4lt 100 ml eines k\u00fchlenden Schaums mit\u00a0 nat\u00fcrlichen Inhaltsstoffen. Dank eines Lavendel- und Kamilleextrakts riecht PoxClin CoolMousse leicht und angenehm.<\/p>\n","protected":false},"excerpt":{"rendered":"<p>PoxClin enth\u00e4lt 2QR, einen bioaktiven Bakterienhemmer. Dieser mindert das Risiko einer bakteriellen Entz\u00fcndung, indem er sch\u00e4dliche Bakterien abblockt.Es handelt sich dabei um ein Polysaccharid, das von der Pflanze Aloe barbadensis stammt. 2QR blockiert Bakterien, indem er eine Barriere zwischen dem Bakterium und der Haut bildet. Die Bakterien k\u00f6nnen das Gewebe nicht mehr befallen.Das Risiko f\u00fcr [&hellip;]<\/p>\n","protected":false},"featured_media":162039,"template":"","meta":{"_acf_changed":false},"product_brand":[],"product_cat":[793],"product_tag":[],"class_list":{"0":"post-162037","1":"product","2":"type-product","3":"status-publish","4":"has-post-thumbnail","6":"product_cat-p","7":"pa_packungsgroesse-100ml","9":"first","10":"instock","11":"shipping-taxable","12":"purchasable","13":"product-type-simple"},"acf":[],"_links":{"self":[{"href":"https:\/\/www.ernstbrunn-apotheke.at\/katalog\/wp-json\/wp\/v2\/product\/162037","targetHints":{"allow":["GET"]}}],"collection":[{"href":"https:\/\/www.ernstbrunn-apotheke.at\/katalog\/wp-json\/wp\/v2\/product"}],"about":[{"href":"https:\/\/www.ernstbrunn-apotheke.at\/katalog\/wp-json\/wp\/v2\/types\/product"}],"wp:featuredmedia":[{"embeddable":true,"href":"https:\/\/www.ernstbrunn-apotheke.at\/katalog\/wp-json\/wp\/v2\/media\/162039"}],"wp:attachment":[{"href":"https:\/\/www.ernstbrunn-apotheke.at\/katalog\/wp-json\/wp\/v2\/media?parent=162037"}],"wp:term":[{"taxonomy":"product_brand","embeddable":true,"href":"https:\/\/www.ernstbrunn-apotheke.at\/katalog\/wp-json\/wp\/v2\/product_brand?post=162037"},{"taxonomy":"product_cat","embeddable":true,"href":"https:\/\/www.ernstbrunn-apotheke.at\/katalog\/wp-json\/wp\/v2\/product_cat?post=162037"},{"taxonomy":"product_tag","embeddable":true,"href":"https:\/\/www.ernstbrunn-apotheke.at\/katalog\/wp-json\/wp\/v2\/product_tag?post=162037"}],"curies":[{"name":"wp","href":"https:\/\/api.w.org\/{rel}","templated":true}]}}