{"id":161944,"date":"2025-12-09T14:28:25","date_gmt":"2025-12-09T13:28:25","guid":{"rendered":"https:\/\/www.ernstbrunn-apotheke.at\/katalog\/produkt\/estromineral-tabletten-2\/"},"modified":"2025-12-09T14:28:35","modified_gmt":"2025-12-09T13:28:35","slug":"estromineral-tabletten-2","status":"publish","type":"product","link":"https:\/\/www.ernstbrunn-apotheke.at\/katalog\/produkt\/estromineral-tabletten-2\/","title":{"rendered":"Estromineral Tabletten"},"content":{"rendered":"<p>Estromineral\u00ae Tabletten 90 Stk. bieten mit nat\u00fcrlicher Soja-Isoflavone eine wertvolle Nahrungserg\u00e4nzung f\u00fcr mehr Wohlgef\u00fchl und Vitalit\u00e4t in den Wechseljahren. Die probiotischen Milchs\u00e4urebakterien stabilisieren die Darmflora und sind in vielerlei Hinsicht wichtige Helfer f\u00fcr Ihren K\u00f6rper, das in Estromineral\u00ae enthaltene Calcium erg\u00e4nzt das \u00fcber die Nahrung aufgenommene Calcium. Zus\u00e4tzlich erleichtert Vitamin D3 Ihrem K\u00f6rper die Aufnahme des wichtigen Calciums \u2013 jetzt Spitzenprodukte von Gall Pharma mit hohem Rabatt bestellen!<\/p>\n","protected":false},"excerpt":{"rendered":"<p>Estromineral\u00ae Tabletten 90 Stk. bieten mit nat\u00fcrlicher Soja-Isoflavone eine wertvolle Nahrungserg\u00e4nzung f\u00fcr mehr Wohlgef\u00fchl und Vitalit\u00e4t in den Wechseljahren. Die probiotischen Milchs\u00e4urebakterien stabilisieren die Darmflora und sind in vielerlei Hinsicht wichtige Helfer f\u00fcr Ihren K\u00f6rper, das in Estromineral\u00ae enthaltene Calcium erg\u00e4nzt das \u00fcber die Nahrung aufgenommene Calcium. Zus\u00e4tzlich erleichtert Vitamin D3 Ihrem K\u00f6rper die Aufnahme [&hellip;]<\/p>\n","protected":false},"featured_media":161946,"template":"","meta":{"_acf_changed":false},"product_brand":[371],"product_cat":[794],"product_tag":[],"class_list":{"0":"post-161944","1":"product","2":"type-product","3":"status-publish","4":"has-post-thumbnail","6":"product_brand-gall-pharma","7":"product_cat-e","8":"pa_packungsgroesse-90-stueck","10":"first","11":"instock","12":"shipping-taxable","13":"purchasable","14":"product-type-simple"},"acf":[],"_links":{"self":[{"href":"https:\/\/www.ernstbrunn-apotheke.at\/katalog\/wp-json\/wp\/v2\/product\/161944","targetHints":{"allow":["GET"]}}],"collection":[{"href":"https:\/\/www.ernstbrunn-apotheke.at\/katalog\/wp-json\/wp\/v2\/product"}],"about":[{"href":"https:\/\/www.ernstbrunn-apotheke.at\/katalog\/wp-json\/wp\/v2\/types\/product"}],"wp:featuredmedia":[{"embeddable":true,"href":"https:\/\/www.ernstbrunn-apotheke.at\/katalog\/wp-json\/wp\/v2\/media\/161946"}],"wp:attachment":[{"href":"https:\/\/www.ernstbrunn-apotheke.at\/katalog\/wp-json\/wp\/v2\/media?parent=161944"}],"wp:term":[{"taxonomy":"product_brand","embeddable":true,"href":"https:\/\/www.ernstbrunn-apotheke.at\/katalog\/wp-json\/wp\/v2\/product_brand?post=161944"},{"taxonomy":"product_cat","embeddable":true,"href":"https:\/\/www.ernstbrunn-apotheke.at\/katalog\/wp-json\/wp\/v2\/product_cat?post=161944"},{"taxonomy":"product_tag","embeddable":true,"href":"https:\/\/www.ernstbrunn-apotheke.at\/katalog\/wp-json\/wp\/v2\/product_tag?post=161944"}],"curies":[{"name":"wp","href":"https:\/\/api.w.org\/{rel}","templated":true}]}}