{"id":161925,"date":"2025-12-09T14:27:52","date_gmt":"2025-12-09T13:27:52","guid":{"rendered":"https:\/\/www.ernstbrunn-apotheke.at\/katalog\/produkt\/sterillium-med-haende-desinfektion\/"},"modified":"2025-12-09T14:28:09","modified_gmt":"2025-12-09T13:28:09","slug":"sterillium-med-haende-desinfektion","status":"publish","type":"product","link":"https:\/\/www.ernstbrunn-apotheke.at\/katalog\/produkt\/sterillium-med-haende-desinfektion\/","title":{"rendered":"Sterillium med H\u00e4nde-Desinfektion"},"content":{"rendered":"<p>Ausreichend H\u00e4ndedesinfektionsmittel unverd\u00fcnnt auf den trockenen H\u00e4nden mind. 30 Sekunden einreiben. Nicht mit Wasser nachsp\u00fclen.<\/p>\n","protected":false},"excerpt":{"rendered":"<p>Ausreichend H\u00e4ndedesinfektionsmittel unverd\u00fcnnt auf den trockenen H\u00e4nden mind. 30 Sekunden einreiben. Nicht mit Wasser nachsp\u00fclen.<\/p>\n","protected":false},"featured_media":161927,"template":"","meta":{"_acf_changed":false},"product_brand":[],"product_cat":[791],"product_tag":[],"class_list":{"0":"post-161925","1":"product","2":"type-product","3":"status-publish","4":"has-post-thumbnail","6":"product_cat-s","7":"pa_packungsgroesse-500-ml-inklusive-pumpe","9":"first","10":"instock","11":"shipping-taxable","12":"purchasable","13":"product-type-simple"},"acf":[],"_links":{"self":[{"href":"https:\/\/www.ernstbrunn-apotheke.at\/katalog\/wp-json\/wp\/v2\/product\/161925","targetHints":{"allow":["GET"]}}],"collection":[{"href":"https:\/\/www.ernstbrunn-apotheke.at\/katalog\/wp-json\/wp\/v2\/product"}],"about":[{"href":"https:\/\/www.ernstbrunn-apotheke.at\/katalog\/wp-json\/wp\/v2\/types\/product"}],"wp:featuredmedia":[{"embeddable":true,"href":"https:\/\/www.ernstbrunn-apotheke.at\/katalog\/wp-json\/wp\/v2\/media\/161927"}],"wp:attachment":[{"href":"https:\/\/www.ernstbrunn-apotheke.at\/katalog\/wp-json\/wp\/v2\/media?parent=161925"}],"wp:term":[{"taxonomy":"product_brand","embeddable":true,"href":"https:\/\/www.ernstbrunn-apotheke.at\/katalog\/wp-json\/wp\/v2\/product_brand?post=161925"},{"taxonomy":"product_cat","embeddable":true,"href":"https:\/\/www.ernstbrunn-apotheke.at\/katalog\/wp-json\/wp\/v2\/product_cat?post=161925"},{"taxonomy":"product_tag","embeddable":true,"href":"https:\/\/www.ernstbrunn-apotheke.at\/katalog\/wp-json\/wp\/v2\/product_tag?post=161925"}],"curies":[{"name":"wp","href":"https:\/\/api.w.org\/{rel}","templated":true}]}}