{"id":161915,"date":"2025-12-09T14:27:52","date_gmt":"2025-12-09T13:27:52","guid":{"rendered":"https:\/\/www.ernstbrunn-apotheke.at\/katalog\/produkt\/mirfulan-salbe-30-g\/"},"modified":"2025-12-09T14:28:04","modified_gmt":"2025-12-09T13:28:04","slug":"mirfulan-salbe-30-g","status":"publish","type":"product","link":"https:\/\/www.ernstbrunn-apotheke.at\/katalog\/produkt\/mirfulan-salbe-30-g\/","title":{"rendered":"Mirfulan Salbe 30 g"},"content":{"rendered":"<p>Mirfulan ist eine Wund- und Heilsalbe. Mit ihrer wertvollen Wirkstoffkombination wird der Heilungsprozess der Haut beschleunigt und die Bildung von jungem, gef\u00e4\u00dfreichem Gewebe gef\u00f6rdert. Mirfulan wird angewendet zur allgemeinen Wundbehandlung, zur Behandlung von nicht infizierten Hautsch\u00e4den wie leichten Verbrennungen, bei Wundliegen, nach der Strahlentherapie, zur Stumpfpflege bei Prothesentr\u00e4gern sowie bei Wundsein unter Windeln angewendet.<\/p>\n","protected":false},"excerpt":{"rendered":"<p>Mirfulan ist eine Wund- und Heilsalbe. Mit ihrer wertvollen Wirkstoffkombination wird der Heilungsprozess der Haut beschleunigt und die Bildung von jungem, gef\u00e4\u00dfreichem Gewebe gef\u00f6rdert. Mirfulan wird angewendet zur allgemeinen Wundbehandlung, zur Behandlung von nicht infizierten Hautsch\u00e4den wie leichten Verbrennungen, bei Wundliegen, nach der Strahlentherapie, zur Stumpfpflege bei Prothesentr\u00e4gern sowie bei Wundsein unter Windeln angewendet.<\/p>\n","protected":false},"featured_media":161917,"template":"","meta":{"_acf_changed":false},"product_brand":[],"product_cat":[800],"product_tag":[],"class_list":{"0":"post-161915","1":"product","2":"type-product","3":"status-publish","4":"has-post-thumbnail","6":"product_cat-m","7":"pa_packungsgroesse-30g","9":"first","10":"instock","11":"shipping-taxable","12":"purchasable","13":"product-type-simple"},"acf":[],"_links":{"self":[{"href":"https:\/\/www.ernstbrunn-apotheke.at\/katalog\/wp-json\/wp\/v2\/product\/161915","targetHints":{"allow":["GET"]}}],"collection":[{"href":"https:\/\/www.ernstbrunn-apotheke.at\/katalog\/wp-json\/wp\/v2\/product"}],"about":[{"href":"https:\/\/www.ernstbrunn-apotheke.at\/katalog\/wp-json\/wp\/v2\/types\/product"}],"wp:featuredmedia":[{"embeddable":true,"href":"https:\/\/www.ernstbrunn-apotheke.at\/katalog\/wp-json\/wp\/v2\/media\/161917"}],"wp:attachment":[{"href":"https:\/\/www.ernstbrunn-apotheke.at\/katalog\/wp-json\/wp\/v2\/media?parent=161915"}],"wp:term":[{"taxonomy":"product_brand","embeddable":true,"href":"https:\/\/www.ernstbrunn-apotheke.at\/katalog\/wp-json\/wp\/v2\/product_brand?post=161915"},{"taxonomy":"product_cat","embeddable":true,"href":"https:\/\/www.ernstbrunn-apotheke.at\/katalog\/wp-json\/wp\/v2\/product_cat?post=161915"},{"taxonomy":"product_tag","embeddable":true,"href":"https:\/\/www.ernstbrunn-apotheke.at\/katalog\/wp-json\/wp\/v2\/product_tag?post=161915"}],"curies":[{"name":"wp","href":"https:\/\/api.w.org\/{rel}","templated":true}]}}