{"id":161850,"date":"2025-12-09T13:26:57","date_gmt":"2025-12-09T12:26:57","guid":{"rendered":"https:\/\/www.ernstbrunn-apotheke.at\/katalog\/produkt\/strataderm-silikongel-gel-zur-behandlung-von-narben-5-g\/"},"modified":"2025-12-09T13:27:02","modified_gmt":"2025-12-09T12:27:02","slug":"strataderm-silikongel-gel-zur-behandlung-von-narben-5-g","status":"publish","type":"product","link":"https:\/\/www.ernstbrunn-apotheke.at\/katalog\/produkt\/strataderm-silikongel-gel-zur-behandlung-von-narben-5-g\/","title":{"rendered":"Strataderm Silikongel Gel zur Behandlung von Narben 5 g"},"content":{"rendered":"<p>Strataderm ist ein transparentes, selbsttrocknendes, nicht klebendes Silikongel zur \u00e4u\u00dferlichen Anwendung auf alten oder frischen, geschlossenen und trockenen Narben.  Mit Strataderm k\u00f6nnen Sie durch konsequente Anwendung einfach und angenehm das Erscheinungsbild von Narben verbessern. Durch die besondere Beschaffenheit bildet das Silikongel nach wenigen Minuten einen wasserundurchl\u00e4ssigen Film auf der Haut. Dadurch wird das Gewebe gesch\u00fctzt, kann aber gleichzeitig atmen.Eines von \u00fcber 30.000 Artikeln, die Sie in unserer Versandapotheke dauerhaft mit hohem Rabatt bestellen k\u00f6nnen. \u00a0<\/p>\n","protected":false},"excerpt":{"rendered":"<p>Strataderm ist ein transparentes, selbsttrocknendes, nicht klebendes Silikongel zur \u00e4u\u00dferlichen Anwendung auf alten oder frischen, geschlossenen und trockenen Narben. Mit Strataderm k\u00f6nnen Sie durch konsequente Anwendung einfach und angenehm das Erscheinungsbild von Narben verbessern. Durch die besondere Beschaffenheit bildet das Silikongel nach wenigen Minuten einen wasserundurchl\u00e4ssigen Film auf der Haut. Dadurch wird das Gewebe gesch\u00fctzt, [&hellip;]<\/p>\n","protected":false},"featured_media":161852,"template":"","meta":{"_acf_changed":false},"product_brand":[],"product_cat":[791],"product_tag":[],"class_list":{"0":"post-161850","1":"product","2":"type-product","3":"status-publish","4":"has-post-thumbnail","6":"product_cat-s","7":"pa_farbe-transparent","8":"pa_packungsgroesse-5g","10":"first","11":"instock","12":"shipping-taxable","13":"purchasable","14":"product-type-simple"},"acf":[],"_links":{"self":[{"href":"https:\/\/www.ernstbrunn-apotheke.at\/katalog\/wp-json\/wp\/v2\/product\/161850","targetHints":{"allow":["GET"]}}],"collection":[{"href":"https:\/\/www.ernstbrunn-apotheke.at\/katalog\/wp-json\/wp\/v2\/product"}],"about":[{"href":"https:\/\/www.ernstbrunn-apotheke.at\/katalog\/wp-json\/wp\/v2\/types\/product"}],"wp:featuredmedia":[{"embeddable":true,"href":"https:\/\/www.ernstbrunn-apotheke.at\/katalog\/wp-json\/wp\/v2\/media\/161852"}],"wp:attachment":[{"href":"https:\/\/www.ernstbrunn-apotheke.at\/katalog\/wp-json\/wp\/v2\/media?parent=161850"}],"wp:term":[{"taxonomy":"product_brand","embeddable":true,"href":"https:\/\/www.ernstbrunn-apotheke.at\/katalog\/wp-json\/wp\/v2\/product_brand?post=161850"},{"taxonomy":"product_cat","embeddable":true,"href":"https:\/\/www.ernstbrunn-apotheke.at\/katalog\/wp-json\/wp\/v2\/product_cat?post=161850"},{"taxonomy":"product_tag","embeddable":true,"href":"https:\/\/www.ernstbrunn-apotheke.at\/katalog\/wp-json\/wp\/v2\/product_tag?post=161850"}],"curies":[{"name":"wp","href":"https:\/\/api.w.org\/{rel}","templated":true}]}}